{"id":5781,"date":"2024-06-12T13:45:08","date_gmt":"2024-06-12T11:45:08","guid":{"rendered":"https:\/\/www.trebide.com\/?page_id=5781"},"modified":"2026-04-24T13:07:18","modified_gmt":"2026-04-24T11:07:18","slug":"soluciones-y-servicios","status":"publish","type":"page","link":"https:\/\/www.trebide.com\/es\/soluciones-y-servicios\/","title":{"rendered":"Soluciones y servicios"},"content":{"rendered":"<div class=\"wpb-content-wrapper\"><p>[vc_row rtl_reverse=\u00bbyes\u00bb dfd_enable_overlay=\u00bb\u00bb dfd_row_responsive_enable=\u00bbdfd-row-responsive-enable\u00bb responsive_styles=\u00bbpadding_left_mobile:10|padding_right_mobile:10&#8243;][vc_column col_shadow=\u00bbbox_shadow_enable:disable|shadow_horizontal:0|shadow_vertical:15|shadow_blur:50|shadow_spread:0|box_shadow_color:rgba(0%2C0%2C0%2C0.35)\u00bb col_shadow_hover=\u00bbbox_shadow_enable:disable|shadow_horizontal:0|shadow_vertical:15|shadow_blur:50|shadow_spread:0|box_shadow_color:rgba(0%2C0%2C0%2C0.35)\u00bb offset=\u00bbvc_col-lg-10&#8243;]<div class=\"dfd-heading-shortcode\"><div class=\"dfd-heading-module-wrap  text-left style_01 cr-animate-gen dfd-heading-69f09cc607ac3 dfd-disable-resposive-headings\" id=\"dfd-heading-69f09cc607ac3\" data-animate-type = \"transition.slideUpBigIn\" ><div class=\"inline-block\"><div class=\"dfd-heading-module\"><h2 class=\"widget-title dfd-title \" style=\"\">En Trebide apostamos por adaptar la tecnolog\u00eda a los procesos y forma de trabajar de nuestros clientes, y no al rev\u00e9s. Es lo que ha conducido nuestros pasos durante m\u00e1s de 50 a\u00f1os y nos ha permitido consolidar relaciones duraderas con nuestros clientes.<\/h2><\/div><\/div><\/div><script type=\"text\/javascript\">\r\n\t\t\t\t\t\t\t\t\t(function($) {\r\n\t\t\t\t\t\t\t\t\t\t$(\"head\").append(\"<style>.dfd-heading-69f09cc607ac3.dfd-heading-module-wrap .dfd-heading-module .dfd-heading-delimiter {margin-top:10px;margin-bottom:10px;}@media (max-width: 799px){.dfd-heading-69f09cc607ac3 .dfd-title{font-size: 30px !important;line-height: 35px !important;}}@media only screen and (max-width: 768px) {.dfd-heading-69f09cc607ac3 {text-align: left;}}<\/style>\");\r\n\t\t\t\t\t\t\t\t\t})(jQuery);\r\n\t\t\t\t\t\t\t\t<\/script><\/div><div class=\"dfd-spacer-module\"  data-units=\"px\" data-wide_resolution=\"1280\" data-wide_size=\"25\" data-normal_resolution=\"1024\" data-normal_size=\"25\" data-tablet_resolution=\"800\" data-tablet_size=\"15\" data-mobile_resolution=\"480\" data-mobile_size=\"15\" style=\"height: 25px;\"><\/div>[vc_column_text css_animation=\u00bbfadeIn\u00bb css=\u00bb\u00bb]<\/p>\n<blockquote><p>Combinamos tecnolog\u00eda propia con productos y plataformas software de nuestros partners para dise\u00f1ar y realizar la implantaci\u00f3n que mejor se adapta y responde a cada uno de nuestros clientes.<\/p>\n<p>Huimos del concepto de desarrollo de soluciones a medida de la misma forma que de la aplicaci\u00f3n de la tecnolog\u00eda sin adaptarla a la realidad de cada cliente.<\/p>\n<p>Nuestros partners nos proporcionan la base tecnol\u00f3gica desde la cual realizar la implantaci\u00f3n que cada cliente requiere. Adecuamos la funcionalidad y levantamos interfaces para cada cliente, puesto que nuestro objetivo no es que \u00e9stos adapten sus procesos a la tecnolog\u00eda, sino que la tecnolog\u00eda se adapte sus necesidades respetando su ADN y manteniendo su visi\u00f3n.<\/p><\/blockquote>\n<p>[\/vc_column_text][\/vc_column][\/vc_row][vc_row dfd_row_config=\u00bbfull_width_content_paddings\u00bb][vc_column]<div class=\"dfd-spacer-module\"  data-units=\"px\" data-wide_resolution=\"1280\" data-wide_size=\"100\" data-normal_resolution=\"1024\" data-normal_size=\"50\" data-tablet_resolution=\"800\" data-tablet_size=\"30\" data-mobile_resolution=\"480\" data-mobile_size=\"30\" style=\"height: 100px;\"><\/div>[\/vc_column][\/vc_row][vc_row dfd_row_config=\u00bbfull_width_content_paddings\u00bb el_class=\u00bbbloquesSoluciones\u00bb][vc_column dfd_column_responsive_enable=\u00bbdfd-column-responsive-enable\u00bb offset=\u00bbvc_col-lg-4 vc_col-md-4&#8243; col_shadow=\u00bbbox_shadow_enable:disable|shadow_horizontal:0|shadow_vertical:15|shadow_blur:50|shadow_spread:0|box_shadow_color:rgba(0%2C0%2C0%2C.35)\u00bb col_shadow_hover=\u00bbbox_shadow_enable:disable|shadow_horizontal:0|shadow_vertical:15|shadow_blur:50|shadow_spread:0|box_shadow_color:rgba(0%2C0%2C0%2C.35)\u00bb responsive_styles=\u00bbpadding_bottom_tablet:15|padding_bottom_mobile:15&#8243; css=\u00bb.vc_custom_1718804765117{padding-bottom: 20px !important;}\u00bb]<div class=\"dfd-info-banner style-11 bannerSectores delimiter-hidden  more-hover dfd-image-blur text-center\" ><div class=\"image-wrap\"><div class=\"image-cover \"><img loading=\"lazy\" decoding=\"async\" src=\"https:\/\/www.trebide.com\/wp-content\/uploads\/2024\/06\/soluciones-seguridad-400x350.jpg\" alt=\"Soluciones de seguridad para infraestructuras cr\u00edticas\"  width=\"400\" height=\"350\" class=\"info-banner-image \" \/><\/div><div class=\"overlay\" style=\"background: linear-gradient(to bottom, #00614f, rgba(0,97,79,0.8));\"><\/div><div class=\"content-wrap\"><h3 class=\"info-box-title \" style=\"font-size: 40px; line-height: 43px; \">Soluciones de seguridad para infraestructuras cr\u00edticas<\/h3><div class=\"dfd-module-readmore\"><span class=\"read-more-08\">Saber m\u00e1s<\/span><\/div><\/div><\/div><a href=\"https:\/\/www.trebide.com\/es\/soluciones-y-servicios\/soluciones-de-seguridad-para-infraestructuras-criticas\/\"  class=\"full-box-link\"><\/a><\/div>[\/vc_column][vc_column dfd_column_responsive_enable=\u00bbdfd-column-responsive-enable\u00bb offset=\u00bbvc_col-lg-4 vc_col-md-4&#8243; col_shadow=\u00bbbox_shadow_enable:disable|shadow_horizontal:0|shadow_vertical:15|shadow_blur:50|shadow_spread:0|box_shadow_color:rgba(0%2C0%2C0%2C.35)\u00bb col_shadow_hover=\u00bbbox_shadow_enable:disable|shadow_horizontal:0|shadow_vertical:15|shadow_blur:50|shadow_spread:0|box_shadow_color:rgba(0%2C0%2C0%2C.35)\u00bb responsive_styles=\u00bbpadding_bottom_tablet:15|padding_bottom_mobile:15&#8243; css=\u00bb.vc_custom_1718804776588{padding-bottom: 20px !important;}\u00bb]<div class=\"dfd-info-banner style-11 bannerSectores delimiter-hidden  more-hover dfd-image-blur text-center\" ><div class=\"image-wrap\"><div class=\"image-cover \"><img loading=\"lazy\" decoding=\"async\" src=\"https:\/\/www.trebide.com\/wp-content\/uploads\/2024\/06\/soluciones-info-400x350.jpg\" alt=\"Informaci\u00f3n al p\u00fablico\"  width=\"400\" height=\"350\" class=\"info-banner-image \" \/><\/div><div class=\"overlay\" style=\"background: linear-gradient(to bottom, #00614f, rgba(0,97,79,0.8));\"><\/div><div class=\"content-wrap\"><h3 class=\"info-box-title \" style=\"font-size: 40px; line-height: 43px; \">Soluciones de informaci\u00f3n al p\u00fablico<\/h3><div class=\"dfd-module-readmore\"><span class=\"read-more-08\">Saber m\u00e1s<\/span><\/div><\/div><\/div><a href=\"https:\/\/www.trebide.com\/es\/soluciones-y-servicios\/soluciones-de-informacion-al-publico\/\"  class=\"full-box-link\"><\/a><\/div>[\/vc_column][vc_column dfd_column_responsive_enable=\u00bbdfd-column-responsive-enable\u00bb offset=\u00bbvc_col-lg-4 vc_col-md-4&#8243; col_shadow=\u00bbbox_shadow_enable:disable|shadow_horizontal:0|shadow_vertical:15|shadow_blur:50|shadow_spread:0|box_shadow_color:rgba(0%2C0%2C0%2C.35)\u00bb col_shadow_hover=\u00bbbox_shadow_enable:disable|shadow_horizontal:0|shadow_vertical:15|shadow_blur:50|shadow_spread:0|box_shadow_color:rgba(0%2C0%2C0%2C.35)\u00bb responsive_styles=\u00bbpadding_bottom_tablet:15|padding_bottom_mobile:15&#8243; css=\u00bb.vc_custom_1718804786740{padding-bottom: 20px !important;}\u00bb]<div class=\"dfd-info-banner style-11 bannerSectores delimiter-hidden  more-hover dfd-image-blur text-center\" ><div class=\"image-wrap\"><div class=\"image-cover \"><img loading=\"lazy\" decoding=\"async\" src=\"https:\/\/www.trebide.com\/wp-content\/uploads\/2024\/06\/soluciones-tuneles-400x350.jpg\" alt=\"T\u00faneles\"  width=\"400\" height=\"350\" class=\"info-banner-image \" \/><\/div><div class=\"overlay\" style=\"background: linear-gradient(to bottom, #00614f, rgba(0,97,79,0.8));\"><\/div><div class=\"content-wrap\"><h3 class=\"info-box-title \" style=\"font-size: 40px; line-height: 43px; \">Soluciones para la operaci\u00f3n de t\u00faneles<\/h3><div class=\"dfd-module-readmore\"><span class=\"read-more-08\">Saber m\u00e1s<\/span><\/div><\/div><\/div><a href=\"https:\/\/www.trebide.com\/es\/soluciones-y-servicios\/soluciones-para-la-operacion-de-tuneles\/\"  class=\"full-box-link\"><\/a><\/div>[\/vc_column][\/vc_row][vc_row dfd_row_config=\u00bbfull_width_content_paddings\u00bb el_class=\u00bbbloquesSoluciones\u00bb][vc_column dfd_column_responsive_enable=\u00bbdfd-column-responsive-enable\u00bb offset=\u00bbvc_col-lg-4 vc_col-md-4&#8243; col_shadow=\u00bbbox_shadow_enable:disable|shadow_horizontal:0|shadow_vertical:15|shadow_blur:50|shadow_spread:0|box_shadow_color:rgba(0%2C0%2C0%2C.35)\u00bb col_shadow_hover=\u00bbbox_shadow_enable:disable|shadow_horizontal:0|shadow_vertical:15|shadow_blur:50|shadow_spread:0|box_shadow_color:rgba(0%2C0%2C0%2C.35)\u00bb responsive_styles=\u00bbpadding_bottom_tablet:15|padding_bottom_mobile:15&#8243; css=\u00bb.vc_custom_1718804814341{padding-bottom: 20px !important;}\u00bb]<div class=\"dfd-info-banner style-11 bannerSectores delimiter-hidden  more-hover dfd-image-blur text-center\" ><div class=\"image-wrap\"><div class=\"image-cover \"><img loading=\"lazy\" decoding=\"async\" src=\"https:\/\/www.trebide.com\/wp-content\/uploads\/2024\/06\/soluciones-cobro-400x350.jpg\" alt=\"Cobro en carreteras y transporte p\u00fablico\"  width=\"400\" height=\"350\" class=\"info-banner-image \" \/><\/div><div class=\"overlay\" style=\"background: linear-gradient(to bottom, #00614f, rgba(0,97,79,0.8));\"><\/div><div class=\"content-wrap\"><h3 class=\"info-box-title \" style=\"font-size: 40px; line-height: 43px; \">Soluciones de cobro en carreteras y transporte p\u00fablico<\/h3><div class=\"dfd-module-readmore\"><span class=\"read-more-08\">Saber m\u00e1s<\/span><\/div><\/div><\/div><a href=\"https:\/\/www.trebide.com\/es\/soluciones-y-servicios\/soluciones-de-cobro-en-carreteras-y-transporte-publico\/\"  class=\"full-box-link\"><\/a><\/div>[\/vc_column][vc_column dfd_column_responsive_enable=\u00bbdfd-column-responsive-enable\u00bb offset=\u00bbvc_col-lg-4 vc_col-md-4&#8243; col_shadow=\u00bbbox_shadow_enable:disable|shadow_horizontal:0|shadow_vertical:15|shadow_blur:50|shadow_spread:0|box_shadow_color:rgba(0%2C0%2C0%2C.35)\u00bb col_shadow_hover=\u00bbbox_shadow_enable:disable|shadow_horizontal:0|shadow_vertical:15|shadow_blur:50|shadow_spread:0|box_shadow_color:rgba(0%2C0%2C0%2C.35)\u00bb responsive_styles=\u00bbpadding_bottom_tablet:15|padding_bottom_mobile:15&#8243; css=\u00bb.vc_custom_1718804824148{padding-bottom: 20px !important;}\u00bb]<div class=\"dfd-info-banner style-11 bannerSectores delimiter-hidden  more-hover dfd-image-blur text-center\" ><div class=\"image-wrap\"><div class=\"image-cover \"><img loading=\"lazy\" decoding=\"async\" src=\"https:\/\/www.trebide.com\/wp-content\/uploads\/2024\/06\/soluciones-aeropuerto-400x350.jpg\" alt=\"Aeropuerto\"  width=\"400\" height=\"350\" class=\"info-banner-image \" \/><\/div><div class=\"overlay\" style=\"background: linear-gradient(to bottom, #00614f, rgba(0,97,79,0.8));\"><\/div><div class=\"content-wrap\"><h3 class=\"info-box-title \" style=\"font-size: 40px; line-height: 43px; \">Soluciones para la operaci\u00f3n de aeropuertos<\/h3><div class=\"dfd-module-readmore\"><span class=\"read-more-08\">Saber m\u00e1s<\/span><\/div><\/div><\/div><a href=\"https:\/\/www.trebide.com\/es\/soluciones-y-servicios\/soluciones-para-la-operacion-de-aeropuertos\/\"  class=\"full-box-link\"><\/a><\/div>[\/vc_column][vc_column dfd_column_responsive_enable=\u00bbdfd-column-responsive-enable\u00bb offset=\u00bbvc_col-lg-4 vc_col-md-4&#8243; col_shadow=\u00bbbox_shadow_enable:disable|shadow_horizontal:0|shadow_vertical:15|shadow_blur:50|shadow_spread:0|box_shadow_color:rgba(0%2C0%2C0%2C.35)\u00bb col_shadow_hover=\u00bbbox_shadow_enable:disable|shadow_horizontal:0|shadow_vertical:15|shadow_blur:50|shadow_spread:0|box_shadow_color:rgba(0%2C0%2C0%2C.35)\u00bb responsive_styles=\u00bbpadding_bottom_tablet:15|padding_bottom_mobile:15&#8243;]<div class=\"dfd-info-banner style-11 bannerSectores delimiter-hidden  more-hover dfd-image-blur text-center\" ><div class=\"image-wrap\"><div class=\"image-cover \"><img loading=\"lazy\" decoding=\"async\" src=\"https:\/\/www.trebide.com\/wp-content\/uploads\/2024\/06\/soluciones-servicios-400x350.jpg\" alt=\"Nuestros servicios\"  width=\"400\" height=\"350\" class=\"info-banner-image \" \/><\/div><div class=\"overlay\" style=\"background: linear-gradient(to bottom, #00614f, rgba(0,97,79,0.8));\"><\/div><div class=\"content-wrap\"><h3 class=\"info-box-title \" style=\"font-size: 40px; line-height: 43px; \">Nuestros servicios<\/h3><div class=\"dfd-module-readmore\"><span class=\"read-more-08\">Saber m\u00e1s<\/span><\/div><\/div><\/div><a href=\"https:\/\/www.trebide.com\/es\/soluciones-y-servicios\/nuestros-servicios\/\"  class=\"full-box-link\"><\/a><\/div>[\/vc_column][\/vc_row]<\/p>\n<\/div>","protected":false},"excerpt":{"rendered":"<p>[vc_row rtl_reverse=\u00bbyes\u00bb dfd_enable_overlay=\u00bb\u00bb dfd_row_responsive_enable=\u00bbdfd-row-responsive-enable\u00bb responsive_styles=\u00bbpadding_left_mobile:10|padding_right_mobile:10&#8243;][vc_column col_shadow=\u00bbbox_shadow_enable:disable|shadow_horizontal:0|shadow_vertical:15|shadow_blur:50|shadow_spread:0|box_shadow_color:rgba(0%2C0%2C0%2C0.35)\u00bb col_shadow_hover=\u00bbbox_shadow_enable:disable|shadow_horizontal:0|shadow_vertical:15|shadow_blur:50|shadow_spread:0|box_shadow_color:rgba(0%2C0%2C0%2C0.35)\u00bb offset=\u00bbvc_col-lg-10&#8243;][vc_column_text css_animation=\u00bbfadeIn\u00bb css=\u00bb\u00bb] Combinamos tecnolog\u00eda propia con productos y plataformas software de nuestros partners para dise\u00f1ar y realizar la implantaci\u00f3n que mejor se<\/p>\n","protected":false},"author":1,"featured_media":0,"parent":0,"menu_order":0,"comment_status":"closed","ping_status":"closed","template":"page-custom-with-header-trebide.php","meta":{"inline_featured_image":false,"footnotes":""},"class_list":["post-5781","page","type-page","status-publish","hentry"],"yoast_head":"<!-- This site is optimized with the Yoast SEO plugin v27.2 - https:\/\/yoast.com\/product\/yoast-seo-wordpress\/ -->\n<title>Soluciones y servicios | Trebide<\/title>\n<meta name=\"robots\" content=\"index, follow, max-snippet:-1, max-image-preview:large, max-video-preview:-1\" \/>\n<link rel=\"canonical\" href=\"https:\/\/www.trebide.com\/es\/soluciones-y-servicios\/\" \/>\n<meta property=\"og:locale\" content=\"es_ES\" \/>\n<meta property=\"og:type\" content=\"article\" \/>\n<meta property=\"og:title\" content=\"Soluciones y servicios | Trebide\" \/>\n<meta property=\"og:description\" content=\"[vc_row rtl_reverse=\u00bbyes\u00bb dfd_enable_overlay=\u00bb\u00bb dfd_row_responsive_enable=\u00bbdfd-row-responsive-enable\u00bb responsive_styles=\u00bbpadding_left_mobile:10|padding_right_mobile:10&#8243;][vc_column col_shadow=\u00bbbox_shadow_enable:disable|shadow_horizontal:0|shadow_vertical:15|shadow_blur:50|shadow_spread:0|box_shadow_color:rgba(0%2C0%2C0%2C0.35)\u00bb col_shadow_hover=\u00bbbox_shadow_enable:disable|shadow_horizontal:0|shadow_vertical:15|shadow_blur:50|shadow_spread:0|box_shadow_color:rgba(0%2C0%2C0%2C0.35)\u00bb offset=\u00bbvc_col-lg-10&#8243;][vc_column_text css_animation=\u00bbfadeIn\u00bb css=\u00bb\u00bb] Combinamos tecnolog\u00eda propia con productos y plataformas software de nuestros partners para dise\u00f1ar y realizar la implantaci\u00f3n que mejor se\" \/>\n<meta property=\"og:url\" content=\"https:\/\/www.trebide.com\/es\/soluciones-y-servicios\/\" \/>\n<meta property=\"og:site_name\" content=\"Trebide\" \/>\n<meta property=\"article:modified_time\" content=\"2026-04-24T11:07:18+00:00\" \/>\n<meta name=\"twitter:card\" content=\"summary_large_image\" \/>\n<meta name=\"twitter:label1\" content=\"Tiempo de lectura\" \/>\n\t<meta name=\"twitter:data1\" content=\"3 minutos\" \/>\n<script type=\"application\/ld+json\" class=\"yoast-schema-graph\">{\"@context\":\"https:\/\/schema.org\",\"@graph\":[{\"@type\":\"WebPage\",\"@id\":\"https:\/\/www.trebide.com\/es\/soluciones-y-servicios\/\",\"url\":\"https:\/\/www.trebide.com\/es\/soluciones-y-servicios\/\",\"name\":\"Soluciones y servicios | Trebide\",\"isPartOf\":{\"@id\":\"https:\/\/www.trebide.com\/es\/#website\"},\"datePublished\":\"2024-06-12T11:45:08+00:00\",\"dateModified\":\"2026-04-24T11:07:18+00:00\",\"breadcrumb\":{\"@id\":\"https:\/\/www.trebide.com\/es\/soluciones-y-servicios\/#breadcrumb\"},\"inLanguage\":\"es\",\"potentialAction\":[{\"@type\":\"ReadAction\",\"target\":[\"https:\/\/www.trebide.com\/es\/soluciones-y-servicios\/\"]}]},{\"@type\":\"BreadcrumbList\",\"@id\":\"https:\/\/www.trebide.com\/es\/soluciones-y-servicios\/#breadcrumb\",\"itemListElement\":[{\"@type\":\"ListItem\",\"position\":1,\"name\":\"Portada\",\"item\":\"https:\/\/www.trebide.com\/es\/\"},{\"@type\":\"ListItem\",\"position\":2,\"name\":\"Soluciones y servicios\"}]},{\"@type\":\"WebSite\",\"@id\":\"https:\/\/www.trebide.com\/es\/#website\",\"url\":\"https:\/\/www.trebide.com\/es\/\",\"name\":\"Trebide\",\"description\":\"Design &amp; Manufacturing Ideas\",\"potentialAction\":[{\"@type\":\"SearchAction\",\"target\":{\"@type\":\"EntryPoint\",\"urlTemplate\":\"https:\/\/www.trebide.com\/es\/?s={search_term_string}\"},\"query-input\":{\"@type\":\"PropertyValueSpecification\",\"valueRequired\":true,\"valueName\":\"search_term_string\"}}],\"inLanguage\":\"es\"}]}<\/script>\n<!-- \/ Yoast SEO plugin. -->","yoast_head_json":{"title":"Soluciones y servicios | Trebide","robots":{"index":"index","follow":"follow","max-snippet":"max-snippet:-1","max-image-preview":"max-image-preview:large","max-video-preview":"max-video-preview:-1"},"canonical":"https:\/\/www.trebide.com\/es\/soluciones-y-servicios\/","og_locale":"es_ES","og_type":"article","og_title":"Soluciones y servicios | Trebide","og_description":"[vc_row rtl_reverse=\u00bbyes\u00bb dfd_enable_overlay=\u00bb\u00bb dfd_row_responsive_enable=\u00bbdfd-row-responsive-enable\u00bb responsive_styles=\u00bbpadding_left_mobile:10|padding_right_mobile:10&#8243;][vc_column col_shadow=\u00bbbox_shadow_enable:disable|shadow_horizontal:0|shadow_vertical:15|shadow_blur:50|shadow_spread:0|box_shadow_color:rgba(0%2C0%2C0%2C0.35)\u00bb col_shadow_hover=\u00bbbox_shadow_enable:disable|shadow_horizontal:0|shadow_vertical:15|shadow_blur:50|shadow_spread:0|box_shadow_color:rgba(0%2C0%2C0%2C0.35)\u00bb offset=\u00bbvc_col-lg-10&#8243;][vc_column_text css_animation=\u00bbfadeIn\u00bb css=\u00bb\u00bb] Combinamos tecnolog\u00eda propia con productos y plataformas software de nuestros partners para dise\u00f1ar y realizar la implantaci\u00f3n que mejor se","og_url":"https:\/\/www.trebide.com\/es\/soluciones-y-servicios\/","og_site_name":"Trebide","article_modified_time":"2026-04-24T11:07:18+00:00","twitter_card":"summary_large_image","twitter_misc":{"Tiempo de lectura":"3 minutos"},"schema":{"@context":"https:\/\/schema.org","@graph":[{"@type":"WebPage","@id":"https:\/\/www.trebide.com\/es\/soluciones-y-servicios\/","url":"https:\/\/www.trebide.com\/es\/soluciones-y-servicios\/","name":"Soluciones y servicios | Trebide","isPartOf":{"@id":"https:\/\/www.trebide.com\/es\/#website"},"datePublished":"2024-06-12T11:45:08+00:00","dateModified":"2026-04-24T11:07:18+00:00","breadcrumb":{"@id":"https:\/\/www.trebide.com\/es\/soluciones-y-servicios\/#breadcrumb"},"inLanguage":"es","potentialAction":[{"@type":"ReadAction","target":["https:\/\/www.trebide.com\/es\/soluciones-y-servicios\/"]}]},{"@type":"BreadcrumbList","@id":"https:\/\/www.trebide.com\/es\/soluciones-y-servicios\/#breadcrumb","itemListElement":[{"@type":"ListItem","position":1,"name":"Portada","item":"https:\/\/www.trebide.com\/es\/"},{"@type":"ListItem","position":2,"name":"Soluciones y servicios"}]},{"@type":"WebSite","@id":"https:\/\/www.trebide.com\/es\/#website","url":"https:\/\/www.trebide.com\/es\/","name":"Trebide","description":"Design &amp; Manufacturing Ideas","potentialAction":[{"@type":"SearchAction","target":{"@type":"EntryPoint","urlTemplate":"https:\/\/www.trebide.com\/es\/?s={search_term_string}"},"query-input":{"@type":"PropertyValueSpecification","valueRequired":true,"valueName":"search_term_string"}}],"inLanguage":"es"}]}},"_links":{"self":[{"href":"https:\/\/www.trebide.com\/es\/wp-json\/wp\/v2\/pages\/5781","targetHints":{"allow":["GET"]}}],"collection":[{"href":"https:\/\/www.trebide.com\/es\/wp-json\/wp\/v2\/pages"}],"about":[{"href":"https:\/\/www.trebide.com\/es\/wp-json\/wp\/v2\/types\/page"}],"author":[{"embeddable":true,"href":"https:\/\/www.trebide.com\/es\/wp-json\/wp\/v2\/users\/1"}],"replies":[{"embeddable":true,"href":"https:\/\/www.trebide.com\/es\/wp-json\/wp\/v2\/comments?post=5781"}],"version-history":[{"count":26,"href":"https:\/\/www.trebide.com\/es\/wp-json\/wp\/v2\/pages\/5781\/revisions"}],"predecessor-version":[{"id":14403,"href":"https:\/\/www.trebide.com\/es\/wp-json\/wp\/v2\/pages\/5781\/revisions\/14403"}],"wp:attachment":[{"href":"https:\/\/www.trebide.com\/es\/wp-json\/wp\/v2\/media?parent=5781"}],"curies":[{"name":"wp","href":"https:\/\/api.w.org\/{rel}","templated":true}]}}