{"id":5734,"date":"2024-06-12T11:49:12","date_gmt":"2024-06-12T09:49:12","guid":{"rendered":"https:\/\/www.trebide.com\/?page_id=5734"},"modified":"2026-04-24T13:02:44","modified_gmt":"2026-04-24T11:02:44","slug":"sectores","status":"publish","type":"page","link":"https:\/\/www.trebide.com\/es\/sectores\/","title":{"rendered":"Sectores"},"content":{"rendered":"<div class=\"wpb-content-wrapper\"><p>[vc_row rtl_reverse=\u00bbyes\u00bb dfd_enable_overlay=\u00bb\u00bb dfd_row_responsive_enable=\u00bbdfd-row-responsive-enable\u00bb responsive_styles=\u00bbpadding_left_mobile:10|padding_right_mobile:10&#8243;][vc_column col_shadow=\u00bbbox_shadow_enable:disable|shadow_horizontal:0|shadow_vertical:15|shadow_blur:50|shadow_spread:0|box_shadow_color:rgba(0%2C0%2C0%2C0.35)\u00bb col_shadow_hover=\u00bbbox_shadow_enable:disable|shadow_horizontal:0|shadow_vertical:15|shadow_blur:50|shadow_spread:0|box_shadow_color:rgba(0%2C0%2C0%2C0.35)\u00bb offset=\u00bbvc_col-lg-10&#8243;]<div class=\"dfd-heading-shortcode\"><div class=\"dfd-heading-module-wrap  text-left style_01 cr-animate-gen dfd-heading-6a0464c616b05 dfd-disable-resposive-headings\" id=\"dfd-heading-6a0464c616b05\" data-animate-type = \"transition.slideUpBigIn\" ><div class=\"inline-block\"><div class=\"dfd-heading-module\"><h2 class=\"widget-title dfd-title \" style=\"\">En Trebide afrontamos el mercado desde una perspectiva de especializaci\u00f3n sectorial avalada por nuestra dilatada trayectoria de m\u00e1s de 50 a\u00f1os desplegando tecnolog\u00eda.<\/h2><\/div><\/div><\/div><script type=\"text\/javascript\">\r\n\t\t\t\t\t\t\t\t\t(function($) {\r\n\t\t\t\t\t\t\t\t\t\t$(\"head\").append(\"<style>.dfd-heading-6a0464c616b05.dfd-heading-module-wrap .dfd-heading-module .dfd-heading-delimiter {margin-top:10px;margin-bottom:10px;}@media (max-width: 799px){.dfd-heading-6a0464c616b05 .dfd-title{font-size: 30px !important;line-height: 35px !important;}}@media only screen and (max-width: 768px) {.dfd-heading-6a0464c616b05 {text-align: left;}}<\/style>\");\r\n\t\t\t\t\t\t\t\t\t})(jQuery);\r\n\t\t\t\t\t\t\t\t<\/script><\/div><div class=\"dfd-spacer-module\"  data-units=\"px\" data-wide_resolution=\"1280\" data-wide_size=\"25\" data-normal_resolution=\"1024\" data-normal_size=\"25\" data-tablet_resolution=\"800\" data-tablet_size=\"15\" data-mobile_resolution=\"480\" data-mobile_size=\"15\" style=\"height: 25px;\"><\/div>[vc_column_text css_animation=\u00bbfadeIn\u00bb css=\u00bb\u00bb]Nuestro objetivo es adaptarnos a la forma de hacer de nuestros clientes para adecuar cada soluci\u00f3n tecnol\u00f3gica y cada servicio prestado a sus necesidades actuales, y acompa\u00f1arle en los futuros retos que el r\u00e1pido y cont\u00ednuo desarrollo tecnol\u00f3gico le ir\u00e1n presentando.[\/vc_column_text][\/vc_column][\/vc_row][vc_row dfd_row_config=\u00bbfull_width_content_paddings\u00bb][vc_column]<div class=\"dfd-spacer-module\"  data-units=\"px\" data-wide_resolution=\"1280\" data-wide_size=\"90\" data-normal_resolution=\"1024\" data-normal_size=\"40\" data-tablet_resolution=\"800\" data-tablet_size=\"30\" data-mobile_resolution=\"480\" data-mobile_size=\"30\" style=\"height: 90px;\"><\/div>[\/vc_column][\/vc_row][vc_row dfd_row_config=\u00bbfull_width_content_paddings\u00bb][vc_column width=\u00bb1\/3&#8243; dfd_column_responsive_enable=\u00bbdfd-column-responsive-enable\u00bb col_shadow=\u00bbbox_shadow_enable:disable|shadow_horizontal:0|shadow_vertical:15|shadow_blur:50|shadow_spread:0|box_shadow_color:rgba(0%2C0%2C0%2C.35)\u00bb col_shadow_hover=\u00bbbox_shadow_enable:disable|shadow_horizontal:0|shadow_vertical:15|shadow_blur:50|shadow_spread:0|box_shadow_color:rgba(0%2C0%2C0%2C.35)\u00bb css=\u00bb.vc_custom_1718288851944{padding-top: 10px !important;padding-bottom: 10px !important;}\u00bb responsive_styles=\u00bbpadding_top_tablet:5|padding_bottom_tablet:5|padding_top_mobile:5|padding_bottom_mobile:5&#8243;]<div class=\"dfd-info-banner style-11 bannerSectores delimiter-hidden  more-hover dfd-image-blur text-center\" ><div class=\"image-wrap\"><div class=\"image-cover \"><img loading=\"lazy\" decoding=\"async\" src=\"https:\/\/www.trebide.com\/wp-content\/uploads\/2024\/06\/sectores-aeropuerto-400x350.jpg\" alt=\"Aeropuertos\"  width=\"400\" height=\"350\" class=\"info-banner-image \" \/><\/div><div class=\"overlay\" style=\"background: linear-gradient(to bottom, #00614f, rgba(0,97,79,0.8));\"><\/div><div class=\"content-wrap\"><h3 class=\"info-box-title \" style=\"font-size: 40px; line-height: 43px; \">Aeropuertos<\/h3><div class=\"description\" style=\"\">Soluciones y servicios para operar de forma eficiente los aeropuertos\u200b\u200b\u200b\u200b\u200b\u200b\u200b<\/div><div class=\"dfd-module-readmore\"><span class=\"read-more-08\">Saber m\u00e1s<\/span><\/div><\/div><\/div><a href=\"https:\/\/www.trebide.com\/es\/aeropuertos\/\"  class=\"full-box-link\"><\/a><\/div>[\/vc_column][vc_column width=\u00bb1\/3&#8243; dfd_column_responsive_enable=\u00bbdfd-column-responsive-enable\u00bb col_shadow=\u00bbbox_shadow_enable:disable|shadow_horizontal:0|shadow_vertical:15|shadow_blur:50|shadow_spread:0|box_shadow_color:rgba(0%2C0%2C0%2C.35)\u00bb col_shadow_hover=\u00bbbox_shadow_enable:disable|shadow_horizontal:0|shadow_vertical:15|shadow_blur:50|shadow_spread:0|box_shadow_color:rgba(0%2C0%2C0%2C.35)\u00bb css=\u00bb.vc_custom_1718288745786{padding-top: 10px !important;padding-bottom: 10px !important;}\u00bb responsive_styles=\u00bbpadding_top_tablet:5|padding_bottom_tablet:5|padding_top_mobile:5|padding_bottom_mobile:5&#8243;]<div class=\"dfd-info-banner style-11 bannerSectores delimiter-hidden  more-hover dfd-image-blur text-center\" ><div class=\"image-wrap\"><div class=\"image-cover \"><img loading=\"lazy\" decoding=\"async\" src=\"https:\/\/www.trebide.com\/wp-content\/uploads\/2024\/06\/sectores-infraestructuras-viarias-400x350.jpg\" alt=\"Infraestructuras viarias\"  width=\"400\" height=\"350\" class=\"info-banner-image \" \/><\/div><div class=\"overlay\" style=\"background: linear-gradient(to bottom, #00614f, rgba(0,97,79,0.8));\"><\/div><div class=\"content-wrap\"><h3 class=\"info-box-title \" style=\"font-size: 40px; line-height: 43px; \">Infraestructuras viarias<\/h3><div class=\"description\" style=\"\">Supervisi\u00f3n y gesti\u00f3n de la seguridad en t\u00faneles y soluciones en peaje Free-Flow<\/div><div class=\"dfd-module-readmore\"><span class=\"read-more-08\">Saber m\u00e1s<\/span><\/div><\/div><\/div><a href=\"https:\/\/www.trebide.com\/es\/sectores\/infraestructuras-viarias\/\"  class=\"full-box-link\"><\/a><\/div>[\/vc_column][vc_column width=\u00bb1\/3&#8243; dfd_column_responsive_enable=\u00bbdfd-column-responsive-enable\u00bb css=\u00bb.vc_custom_1718288761973{padding-top: 10px !important;padding-bottom: 10px !important;}\u00bb col_shadow=\u00bbbox_shadow_enable:disable|shadow_horizontal:0|shadow_vertical:15|shadow_blur:50|shadow_spread:0|box_shadow_color:rgba(0%2C0%2C0%2C.35)\u00bb col_shadow_hover=\u00bbbox_shadow_enable:disable|shadow_horizontal:0|shadow_vertical:15|shadow_blur:50|shadow_spread:0|box_shadow_color:rgba(0%2C0%2C0%2C.35)\u00bb responsive_styles=\u00bbpadding_top_tablet:5|padding_bottom_tablet:5|padding_top_mobile:5|padding_bottom_mobile:5&#8243;]<div class=\"dfd-info-banner style-11 bannerSectores delimiter-hidden  more-hover dfd-image-blur text-center\" ><div class=\"image-wrap\"><div class=\"image-cover \"><img loading=\"lazy\" decoding=\"async\" src=\"https:\/\/www.trebide.com\/wp-content\/uploads\/2024\/06\/sectores-infraestructuras-ferroviarias-400x350.jpg\" alt=\"Infraestructuras ferroviarias\"  width=\"400\" height=\"350\" class=\"info-banner-image \" \/><\/div><div class=\"overlay\" style=\"background: linear-gradient(to bottom, #00614f, rgba(0,97,79,0.8));\"><\/div><div class=\"content-wrap\"><h3 class=\"info-box-title \" style=\"font-size: 40px; line-height: 43px; \">Infraestructuras ferroviarias<\/h3><div class=\"description\" style=\"\">Soluciones de informaci\u00f3n, venta de t\u00edtulos, comunicaciones y seguridad en paradas y estaciones<\/div><div class=\"dfd-module-readmore\"><span class=\"read-more-08\">Saber m\u00e1s<\/span><\/div><\/div><\/div><a href=\"https:\/\/www.trebide.com\/es\/sectores\/infraestructuras-ferroviarias\/\"  class=\"full-box-link\"><\/a><\/div>[\/vc_column][\/vc_row][vc_row dfd_row_config=\u00bbfull_width_content_paddings\u00bb][vc_column width=\u00bb1\/3&#8243; dfd_column_responsive_enable=\u00bbdfd-column-responsive-enable\u00bb col_shadow=\u00bbbox_shadow_enable:disable|shadow_horizontal:0|shadow_vertical:15|shadow_blur:50|shadow_spread:0|box_shadow_color:rgba(0%2C0%2C0%2C.35)\u00bb col_shadow_hover=\u00bbbox_shadow_enable:disable|shadow_horizontal:0|shadow_vertical:15|shadow_blur:50|shadow_spread:0|box_shadow_color:rgba(0%2C0%2C0%2C.35)\u00bb css=\u00bb.vc_custom_1718288729727{padding-top: 10px !important;padding-bottom: 10px !important;}\u00bb responsive_styles=\u00bbpadding_top_tablet:5|padding_bottom_tablet:5|border_bottom_mobile:5|padding_top_mobile:5&#8243;]<div class=\"dfd-info-banner style-11 bannerSectores delimiter-hidden  more-hover dfd-image-blur text-center\" ><div class=\"image-wrap\"><div class=\"image-cover \"><img loading=\"lazy\" decoding=\"async\" src=\"https:\/\/www.trebide.com\/wp-content\/uploads\/2024\/06\/sectores-puertos-400x350.jpg\" alt=\"Puertos\"  width=\"400\" height=\"350\" class=\"info-banner-image \" \/><\/div><div class=\"overlay\" style=\"background: linear-gradient(to bottom, #00614f, rgba(0,97,79,0.8));\"><\/div><div class=\"content-wrap\"><h3 class=\"info-box-title \" style=\"font-size: 40px; line-height: 43px; \">Puertos<\/h3><div class=\"description\" style=\"\">Soluciones de control de acceso vehicular y de gesti\u00f3n de la seguridad f\u00edsica<\/div><div class=\"dfd-module-readmore\"><span class=\"read-more-08\">Saber m\u00e1s<\/span><\/div><\/div><\/div><a href=\"https:\/\/www.trebide.com\/es\/sectores\/puertos\/\" title=\"Puertos\"  class=\"full-box-link\"><\/a><\/div>[\/vc_column][vc_column width=\u00bb1\/3&#8243; dfd_column_responsive_enable=\u00bbdfd-column-responsive-enable\u00bb col_shadow=\u00bbbox_shadow_enable:disable|shadow_horizontal:0|shadow_vertical:15|shadow_blur:50|shadow_spread:0|box_shadow_color:rgba(0%2C0%2C0%2C.35)\u00bb col_shadow_hover=\u00bbbox_shadow_enable:disable|shadow_horizontal:0|shadow_vertical:15|shadow_blur:50|shadow_spread:0|box_shadow_color:rgba(0%2C0%2C0%2C.35)\u00bb css=\u00bb.vc_custom_1718288745786{padding-top: 10px !important;padding-bottom: 10px !important;}\u00bb responsive_styles=\u00bbpadding_top_tablet:5|padding_bottom_tablet:5|padding_top_mobile:5|padding_bottom_mobile:5&#8243;]<div class=\"dfd-info-banner style-11 bannerSectores delimiter-hidden  more-hover dfd-image-blur text-center\" ><div class=\"image-wrap\"><div class=\"image-cover \"><img loading=\"lazy\" decoding=\"async\" src=\"https:\/\/www.trebide.com\/wp-content\/uploads\/2024\/06\/sectores-otros-1-400x350.jpg\" alt=\"Otras infraestructuras\"  width=\"400\" height=\"350\" class=\"info-banner-image \" \/><\/div><div class=\"overlay\" style=\"background: linear-gradient(to bottom, #00614f, rgba(0,97,79,0.8));\"><\/div><div class=\"content-wrap\"><h3 class=\"info-box-title \" style=\"font-size: 40px; line-height: 43px; \">Otras infraestructuras<\/h3><div class=\"description\" style=\"\">Securizaci\u00f3n de infraestructuras energ\u00e9ticas, industriales y policiales<\/div><div class=\"dfd-module-readmore\"><span class=\"read-more-08\">Saber m\u00e1s<\/span><\/div><\/div><\/div><a href=\"https:\/\/www.trebide.com\/es\/sectores\/otras-infraestructuras\/\"  class=\"full-box-link\"><\/a><\/div>[\/vc_column][vc_column width=\u00bb1\/3&#8243; dfd_column_responsive_enable=\u00bbdfd-column-responsive-enable\u00bb css=\u00bb.vc_custom_1718288761973{padding-top: 10px !important;padding-bottom: 10px !important;}\u00bb col_shadow=\u00bbbox_shadow_enable:disable|shadow_horizontal:0|shadow_vertical:15|shadow_blur:50|shadow_spread:0|box_shadow_color:rgba(0%2C0%2C0%2C.35)\u00bb col_shadow_hover=\u00bbbox_shadow_enable:disable|shadow_horizontal:0|shadow_vertical:15|shadow_blur:50|shadow_spread:0|box_shadow_color:rgba(0%2C0%2C0%2C.35)\u00bb responsive_styles=\u00bbpadding_top_tablet:5|padding_bottom_tablet:5|padding_top_mobile:5|padding_bottom_mobile:5&#8243;][\/vc_column][\/vc_row]<\/p>\n<\/div>","protected":false},"excerpt":{"rendered":"<p>[vc_row rtl_reverse=\u00bbyes\u00bb dfd_enable_overlay=\u00bb\u00bb dfd_row_responsive_enable=\u00bbdfd-row-responsive-enable\u00bb responsive_styles=\u00bbpadding_left_mobile:10|padding_right_mobile:10&#8243;][vc_column col_shadow=\u00bbbox_shadow_enable:disable|shadow_horizontal:0|shadow_vertical:15|shadow_blur:50|shadow_spread:0|box_shadow_color:rgba(0%2C0%2C0%2C0.35)\u00bb col_shadow_hover=\u00bbbox_shadow_enable:disable|shadow_horizontal:0|shadow_vertical:15|shadow_blur:50|shadow_spread:0|box_shadow_color:rgba(0%2C0%2C0%2C0.35)\u00bb offset=\u00bbvc_col-lg-10&#8243;][vc_column_text css_animation=\u00bbfadeIn\u00bb css=\u00bb\u00bb]Nuestro objetivo es adaptarnos a la forma de hacer de nuestros clientes para adecuar cada soluci\u00f3n tecnol\u00f3gica y cada servicio prestado<\/p>\n","protected":false},"author":1,"featured_media":0,"parent":0,"menu_order":0,"comment_status":"closed","ping_status":"closed","template":"page-custom-with-header-trebide.php","meta":{"inline_featured_image":false,"footnotes":""},"class_list":["post-5734","page","type-page","status-publish","hentry"],"yoast_head":"<!-- This site is optimized with the Yoast SEO plugin v27.5 - https:\/\/yoast.com\/product\/yoast-seo-wordpress\/ -->\n<title>Sectores en los desarrollamos nuestros proyectos | Trebide<\/title>\n<meta name=\"description\" content=\"Nos adaptamoos a la forma de hacer de nuestros clientes para adecuar cada soluci\u00f3n tecnol\u00f3gica y cada servicio a sus necesidades actuales.\" \/>\n<meta name=\"robots\" content=\"index, follow, max-snippet:-1, max-image-preview:large, max-video-preview:-1\" \/>\n<link rel=\"canonical\" href=\"https:\/\/www.trebide.com\/es\/sectores\/\" \/>\n<meta property=\"og:locale\" content=\"es_ES\" \/>\n<meta property=\"og:type\" content=\"article\" \/>\n<meta property=\"og:title\" content=\"Sectores en los desarrollamos nuestros proyectos | Trebide\" \/>\n<meta property=\"og:description\" content=\"Nos adaptamoos a la forma de hacer de nuestros clientes para adecuar cada soluci\u00f3n tecnol\u00f3gica y cada servicio a sus necesidades actuales.\" \/>\n<meta property=\"og:url\" content=\"https:\/\/www.trebide.com\/es\/sectores\/\" \/>\n<meta property=\"og:site_name\" content=\"Trebide\" \/>\n<meta property=\"article:modified_time\" content=\"2026-04-24T11:02:44+00:00\" \/>\n<meta name=\"twitter:card\" content=\"summary_large_image\" \/>\n<meta name=\"twitter:label1\" content=\"Tiempo de lectura\" \/>\n\t<meta name=\"twitter:data1\" content=\"3 minutos\" \/>\n<script type=\"application\/ld+json\" class=\"yoast-schema-graph\">{\"@context\":\"https:\\\/\\\/schema.org\",\"@graph\":[{\"@type\":\"WebPage\",\"@id\":\"https:\\\/\\\/www.trebide.com\\\/es\\\/sectores\\\/\",\"url\":\"https:\\\/\\\/www.trebide.com\\\/es\\\/sectores\\\/\",\"name\":\"Sectores en los desarrollamos nuestros proyectos | Trebide\",\"isPartOf\":{\"@id\":\"https:\\\/\\\/www.trebide.com\\\/es\\\/#website\"},\"datePublished\":\"2024-06-12T09:49:12+00:00\",\"dateModified\":\"2026-04-24T11:02:44+00:00\",\"description\":\"Nos adaptamoos a la forma de hacer de nuestros clientes para adecuar cada soluci\u00f3n tecnol\u00f3gica y cada servicio a sus necesidades actuales.\",\"breadcrumb\":{\"@id\":\"https:\\\/\\\/www.trebide.com\\\/es\\\/sectores\\\/#breadcrumb\"},\"inLanguage\":\"es\",\"potentialAction\":[{\"@type\":\"ReadAction\",\"target\":[\"https:\\\/\\\/www.trebide.com\\\/es\\\/sectores\\\/\"]}]},{\"@type\":\"BreadcrumbList\",\"@id\":\"https:\\\/\\\/www.trebide.com\\\/es\\\/sectores\\\/#breadcrumb\",\"itemListElement\":[{\"@type\":\"ListItem\",\"position\":1,\"name\":\"Portada\",\"item\":\"https:\\\/\\\/www.trebide.com\\\/es\\\/\"},{\"@type\":\"ListItem\",\"position\":2,\"name\":\"Sectores\"}]},{\"@type\":\"WebSite\",\"@id\":\"https:\\\/\\\/www.trebide.com\\\/es\\\/#website\",\"url\":\"https:\\\/\\\/www.trebide.com\\\/es\\\/\",\"name\":\"Trebide\",\"description\":\"Design &amp; Manufacturing Ideas\",\"potentialAction\":[{\"@type\":\"SearchAction\",\"target\":{\"@type\":\"EntryPoint\",\"urlTemplate\":\"https:\\\/\\\/www.trebide.com\\\/es\\\/?s={search_term_string}\"},\"query-input\":{\"@type\":\"PropertyValueSpecification\",\"valueRequired\":true,\"valueName\":\"search_term_string\"}}],\"inLanguage\":\"es\"}]}<\/script>\n<!-- \/ Yoast SEO plugin. -->","yoast_head_json":{"title":"Sectores en los desarrollamos nuestros proyectos | Trebide","description":"Nos adaptamoos a la forma de hacer de nuestros clientes para adecuar cada soluci\u00f3n tecnol\u00f3gica y cada servicio a sus necesidades actuales.","robots":{"index":"index","follow":"follow","max-snippet":"max-snippet:-1","max-image-preview":"max-image-preview:large","max-video-preview":"max-video-preview:-1"},"canonical":"https:\/\/www.trebide.com\/es\/sectores\/","og_locale":"es_ES","og_type":"article","og_title":"Sectores en los desarrollamos nuestros proyectos | Trebide","og_description":"Nos adaptamoos a la forma de hacer de nuestros clientes para adecuar cada soluci\u00f3n tecnol\u00f3gica y cada servicio a sus necesidades actuales.","og_url":"https:\/\/www.trebide.com\/es\/sectores\/","og_site_name":"Trebide","article_modified_time":"2026-04-24T11:02:44+00:00","twitter_card":"summary_large_image","twitter_misc":{"Tiempo de lectura":"3 minutos"},"schema":{"@context":"https:\/\/schema.org","@graph":[{"@type":"WebPage","@id":"https:\/\/www.trebide.com\/es\/sectores\/","url":"https:\/\/www.trebide.com\/es\/sectores\/","name":"Sectores en los desarrollamos nuestros proyectos | Trebide","isPartOf":{"@id":"https:\/\/www.trebide.com\/es\/#website"},"datePublished":"2024-06-12T09:49:12+00:00","dateModified":"2026-04-24T11:02:44+00:00","description":"Nos adaptamoos a la forma de hacer de nuestros clientes para adecuar cada soluci\u00f3n tecnol\u00f3gica y cada servicio a sus necesidades actuales.","breadcrumb":{"@id":"https:\/\/www.trebide.com\/es\/sectores\/#breadcrumb"},"inLanguage":"es","potentialAction":[{"@type":"ReadAction","target":["https:\/\/www.trebide.com\/es\/sectores\/"]}]},{"@type":"BreadcrumbList","@id":"https:\/\/www.trebide.com\/es\/sectores\/#breadcrumb","itemListElement":[{"@type":"ListItem","position":1,"name":"Portada","item":"https:\/\/www.trebide.com\/es\/"},{"@type":"ListItem","position":2,"name":"Sectores"}]},{"@type":"WebSite","@id":"https:\/\/www.trebide.com\/es\/#website","url":"https:\/\/www.trebide.com\/es\/","name":"Trebide","description":"Design &amp; Manufacturing Ideas","potentialAction":[{"@type":"SearchAction","target":{"@type":"EntryPoint","urlTemplate":"https:\/\/www.trebide.com\/es\/?s={search_term_string}"},"query-input":{"@type":"PropertyValueSpecification","valueRequired":true,"valueName":"search_term_string"}}],"inLanguage":"es"}]}},"_links":{"self":[{"href":"https:\/\/www.trebide.com\/es\/wp-json\/wp\/v2\/pages\/5734","targetHints":{"allow":["GET"]}}],"collection":[{"href":"https:\/\/www.trebide.com\/es\/wp-json\/wp\/v2\/pages"}],"about":[{"href":"https:\/\/www.trebide.com\/es\/wp-json\/wp\/v2\/types\/page"}],"author":[{"embeddable":true,"href":"https:\/\/www.trebide.com\/es\/wp-json\/wp\/v2\/users\/1"}],"replies":[{"embeddable":true,"href":"https:\/\/www.trebide.com\/es\/wp-json\/wp\/v2\/comments?post=5734"}],"version-history":[{"count":50,"href":"https:\/\/www.trebide.com\/es\/wp-json\/wp\/v2\/pages\/5734\/revisions"}],"predecessor-version":[{"id":14398,"href":"https:\/\/www.trebide.com\/es\/wp-json\/wp\/v2\/pages\/5734\/revisions\/14398"}],"wp:attachment":[{"href":"https:\/\/www.trebide.com\/es\/wp-json\/wp\/v2\/media?parent=5734"}],"curies":[{"name":"wp","href":"https:\/\/api.w.org\/{rel}","templated":true}]}}