{"id":12530,"date":"2025-01-30T12:08:13","date_gmt":"2025-01-30T11:08:13","guid":{"rendered":"https:\/\/www.trebide.com\/?page_id=12530"},"modified":"2025-01-30T12:11:10","modified_gmt":"2025-01-30T11:11:10","slug":"avail","status":"publish","type":"page","link":"https:\/\/www.trebide.com\/es\/avail\/","title":{"rendered":"AVAIL"},"content":{"rendered":"<div class=\"wpb-content-wrapper\"><p>[vc_row dfd_row_responsive_enable=\u00bbdfd-row-responsive-enable\u00bb responsive_styles=\u00bbpadding_left_tablet:10|padding_right_tablet:10|padding_left_mobile:10|padding_right_mobile:10&#8243;][vc_column]<div class=\"dfd-heading-shortcode\"><div class=\"dfd-heading-module-wrap  text-left style_01 dfd-heading-6a0996b4c4e02 dfd-disable-resposive-headings\" id=\"dfd-heading-6a0996b4c4e02\" ><div class=\"inline-block\"><div class=\"dfd-heading-module\"><h2 class=\"widget-title dfd-title \" style=\"font-size: 33px; line-height: 36px; \"><strong>A<\/strong>utoprovisi\u00f3n de recursos gr\u00e1ficos <strong>V<\/strong>irtu<strong>A<\/strong>lizados cloud para una <strong>I<\/strong>ndustria Inte<strong>L<\/strong>igente (ZL-2021\/00765)<\/h2><\/div><\/div><\/div><script type=\"text\/javascript\">\r\n\t\t\t\t\t\t\t\t\t(function($) {\r\n\t\t\t\t\t\t\t\t\t\t$(\"head\").append(\"<style>.dfd-heading-6a0996b4c4e02 .dfd-heading-module .widget-title {margin-bottom:20px;}.dfd-heading-6a0996b4c4e02.dfd-heading-module-wrap .dfd-heading-module .dfd-heading-delimiter {margin-top:10px;margin-bottom:10px;}<\/style>\");\r\n\t\t\t\t\t\t\t\t\t})(jQuery);\r\n\t\t\t\t\t\t\t\t<\/script><\/div>[vc_column_text css=\u00bb\u00bb]El proyecto se enmarca en el PROGRAMA HAZITEK y se desarrolla durante los a\u00f1os 2021 \u2013 2023.[\/vc_column_text]<div class=\"dfd-spacer-module\"  data-units=\"px\" data-wide_resolution=\"1280\" data-wide_size=\"30\" data-normal_resolution=\"1024\" data-normal_size=\"30\" data-tablet_resolution=\"800\" data-tablet_size=\"30\" data-mobile_resolution=\"480\" data-mobile_size=\"30\" style=\"height: 30px;\"><\/div>[vc_column_text css=\u00bb\u00bb el_class=\u00bblistados\u00bb]Hoy en d\u00eda las tecnolog\u00edas de virtualizaci\u00f3n, investigadas y desarrolladas en redes avanzadas de comunicaciones 5G, posibilitan mediante representaciones de entidades f\u00edsicas en software una forma muy eficaz de reducir los gastos en sistemas de informaci\u00f3n y, a la vez, aumentar la eficiencia y la agilidad en el an\u00e1lisis de datos en m\u00faltiples aplicaciones como pueden ser la monitorizaci\u00f3n y control de procesos en empresas industriales de cualquier tama\u00f1o. Si a ello se a\u00f1ade la potencia de computaci\u00f3n que proporciona el cloud, especialmente en procesos de alto costo de recursos como son los procesos en GPU, se independizar\u00eda a las empresas de las limitaciones que suponen sus infraestructuras f\u00edsicas. De esta forma el rango de empresas que podr\u00edan acceder a estas nuevas capacidades y, por tanto, su impacto se multiplicar\u00eda considerablemente. Por otro lado, hasta ahora las empresas han sido muy dependientes de su proveedor de servicios TIC para la contrataci\u00f3n, puesta en marcha, configuraci\u00f3n o desinstalaci\u00f3n de las instancias de computaci\u00f3n necesarias, ya sea en el cloud u On Premise, lastrando su competitividad en un marco competencia global operando 365 d\u00edas al a\u00f1o 24 horas.[\/vc_column_text]<div class=\"dfd-spacer-module\"  data-units=\"px\" data-wide_resolution=\"1280\" data-wide_size=\"30\" data-normal_resolution=\"1024\" data-normal_size=\"30\" data-tablet_resolution=\"800\" data-tablet_size=\"30\" data-mobile_resolution=\"480\" data-mobile_size=\"30\" style=\"height: 30px;\"><\/div>[vc_column_text css=\u00bb\u00bb el_class=\u00bblistados\u00bb]El principal objetivo del proyecto AVAIL es realizar una investigaci\u00f3n a nivel industrial que permita dotar de tecnolog\u00edas originarias de infraestructuras 5G avanzadas a nuevos productos de generaci\u00f3n de instancias en cloud, enfocado a industria inteligente, transformaci\u00f3n digital, automatizaci\u00f3n y robotizaci\u00f3n industrial. El foco se sit\u00faa en el uso eficiente de infraestructuras virtualizadas y automatizaci\u00f3n de procesos, en donde existe un gran mercado debido a que otorgan una abstracci\u00f3n completa por parte de los operarios de los sistemas.[\/vc_column_text]<div class=\"dfd-spacer-module\"  data-units=\"px\" data-wide_resolution=\"1280\" data-wide_size=\"30\" data-normal_resolution=\"1024\" data-normal_size=\"30\" data-tablet_resolution=\"800\" data-tablet_size=\"30\" data-mobile_resolution=\"480\" data-mobile_size=\"30\" style=\"height: 30px;\"><\/div>[vc_row_inner dfd_row_responsive_enable=\u00bbdfd-row-responsive-enable\u00bb css=\u00bb.vc_custom_1738226139634{padding-top: 50px !important;padding-right: 50px !important;padding-bottom: 50px !important;padding-left: 50px !important;background-color: #00614f !important;}\u00bb responsive_styles=\u00bbpadding_top_desktop:50|padding_bottom_desktop:50|padding_left_desktop:50|padding_right_desktop:50|padding_top_tablet:30|padding_bottom_tablet:30|padding_left_tablet:30|padding_right_tablet:30|padding_top_mobile:20|padding_bottom_mobile:20|padding_left_mobile:20|padding_right_mobile:20&#8243; el_class=\u00bbbloqueFinanciacion\u00bb][vc_column_inner width=\u00bb3\/4&#8243; col_inner_shadow=\u00bbbox_shadow_enable:disable|shadow_horizontal:0|shadow_vertical:15|shadow_blur:50|shadow_spread:0|box_shadow_color:rgba(0%2C0%2C0%2C.35)\u00bb col_inner_shadow_hover=\u00bbbox_shadow_enable:disable|shadow_horizontal:0|shadow_vertical:15|shadow_blur:50|shadow_spread:0|box_shadow_color:rgba(0%2C0%2C0%2C.35)\u00bb]<div class=\"dfd-heading-shortcode\"><div class=\"dfd-heading-module-wrap  text-left style_01 dfd-heading-6a0996b4c4f63 dfd-disable-resposive-headings\" id=\"dfd-heading-6a0996b4c4f63\" ><div class=\"inline-block\"><div class=\"dfd-heading-module\"><h3 class=\"widget-title dfd-title \" style=\"font-size: 23px; color: #ffffff !important; line-height: 26px; \">ACTUACI\u00d3N COFINANCIADA POR EL GOBIERNO VASCO Y LA UNION EUROPEA A TRAV\u00c9S DEL FONDO EUROPEO DE DESARROLLO REGIONAL 2014-2020 (FEDER).<\/h3><\/div><\/div><\/div><script type=\"text\/javascript\">\r\n\t\t\t\t\t\t\t\t\t(function($) {\r\n\t\t\t\t\t\t\t\t\t\t$(\"head\").append(\"<style>.dfd-heading-6a0996b4c4f63 .dfd-heading-module .widget-title {margin-bottom:20px;}.dfd-heading-6a0996b4c4f63.dfd-heading-module-wrap .dfd-heading-module .dfd-heading-delimiter {margin-top:10px;margin-bottom:10px;}<\/style>\");\r\n\t\t\t\t\t\t\t\t\t})(jQuery);\r\n\t\t\t\t\t\t\t\t<\/script><\/div><div class=\"dfd-spacer-module\"  data-units=\"px\" data-wide_resolution=\"1280\" data-wide_size=\"30\" data-normal_resolution=\"1024\" data-normal_size=\"30\" data-tablet_resolution=\"800\" data-tablet_size=\"0\" data-mobile_resolution=\"480\" data-mobile_size=\"0\" style=\"height: 30px;\"><\/div><div class=\"dfd-heading-shortcode\"><div class=\"dfd-heading-module-wrap  text-left style_01 dfd-heading-6a0996b4c4ff9 dfd-disable-resposive-headings\" id=\"dfd-heading-6a0996b4c4ff9\" ><div class=\"inline-block\"><div class=\"dfd-heading-module\"><h3 class=\"widget-title dfd-title \" style=\"font-size: 23px; color: #ffffff !important; line-height: 26px; \">EUSKO JAURLARITZAK ETA EUROPAR BATASUNAK 2014-2020 ESKUALDE GARAPENERAKO EUROPAR FUNTSAREN (EGEF) BITARTEZ KOFINANTZATUTAKO ERAGIKETA.<\/h3><\/div><\/div><\/div><script type=\"text\/javascript\">\r\n\t\t\t\t\t\t\t\t\t(function($) {\r\n\t\t\t\t\t\t\t\t\t\t$(\"head\").append(\"<style>.dfd-heading-6a0996b4c4ff9.dfd-heading-module-wrap .dfd-heading-module .dfd-heading-delimiter {margin-top:10px;margin-bottom:10px;}<\/style>\");\r\n\t\t\t\t\t\t\t\t\t})(jQuery);\r\n\t\t\t\t\t\t\t\t<\/script><\/div>[\/vc_column_inner][vc_column_inner width=\u00bb1\/4&#8243; col_inner_shadow=\u00bbbox_shadow_enable:disable|shadow_horizontal:0|shadow_vertical:15|shadow_blur:50|shadow_spread:0|box_shadow_color:rgba(0%2C0%2C0%2C.35)\u00bb col_inner_shadow_hover=\u00bbbox_shadow_enable:disable|shadow_horizontal:0|shadow_vertical:15|shadow_blur:50|shadow_spread:0|box_shadow_color:rgba(0%2C0%2C0%2C.35)\u00bb]<div class=\"dfd-spacer-module\"  data-units=\"px\" data-wide_resolution=\"1280\" data-wide_size=\"0\" data-normal_resolution=\"1024\" data-normal_size=\"0\" data-tablet_resolution=\"800\" data-tablet_size=\"15\" data-mobile_resolution=\"480\" data-mobile_size=\"15\" style=\"height: 0px;\"><\/div>[vc_single_image image=\u00bb12390&#8243; img_size=\u00bbfull\u00bb alignment=\u00bbcenter\u00bb css=\u00bb\u00bb][\/vc_column_inner][\/vc_row_inner][\/vc_column][\/vc_row]<\/p>\n<\/div>","protected":false},"excerpt":{"rendered":"<p>[vc_row dfd_row_responsive_enable=\u00bbdfd-row-responsive-enable\u00bb responsive_styles=\u00bbpadding_left_tablet:10|padding_right_tablet:10|padding_left_mobile:10|padding_right_mobile:10&#8243;][vc_column][vc_column_text css=\u00bb\u00bb]El proyecto se enmarca en el PROGRAMA HAZITEK y se desarrolla durante los a\u00f1os 2021 \u2013 2023.[\/vc_column_text][vc_column_text css=\u00bb\u00bb el_class=\u00bblistados\u00bb]Hoy en d\u00eda las tecnolog\u00edas de virtualizaci\u00f3n, investigadas y<\/p>\n","protected":false},"author":1,"featured_media":0,"parent":0,"menu_order":0,"comment_status":"closed","ping_status":"closed","template":"page-custom-with-header-trebide.php","meta":{"inline_featured_image":false,"footnotes":""},"class_list":["post-12530","page","type-page","status-publish","hentry"],"yoast_head":"<!-- This site is optimized with the Yoast SEO plugin v27.5 - https:\/\/yoast.com\/product\/yoast-seo-wordpress\/ -->\n<title>AVAIL | Trebide<\/title>\n<meta name=\"robots\" content=\"index, follow, max-snippet:-1, max-image-preview:large, max-video-preview:-1\" \/>\n<link rel=\"canonical\" href=\"https:\/\/www.trebide.com\/es\/avail\/\" \/>\n<meta property=\"og:locale\" content=\"es_ES\" \/>\n<meta property=\"og:type\" content=\"article\" \/>\n<meta property=\"og:title\" content=\"AVAIL | Trebide\" \/>\n<meta property=\"og:description\" content=\"[vc_row dfd_row_responsive_enable=\u00bbdfd-row-responsive-enable\u00bb responsive_styles=\u00bbpadding_left_tablet:10|padding_right_tablet:10|padding_left_mobile:10|padding_right_mobile:10&#8243;][vc_column][vc_column_text css=\u00bb\u00bb]El proyecto se enmarca en el PROGRAMA HAZITEK y se desarrolla durante los a\u00f1os 2021 \u2013 2023.[\/vc_column_text][vc_column_text css=\u00bb\u00bb el_class=\u00bblistados\u00bb]Hoy en d\u00eda las tecnolog\u00edas de virtualizaci\u00f3n, investigadas y\" \/>\n<meta property=\"og:url\" content=\"https:\/\/www.trebide.com\/es\/avail\/\" \/>\n<meta property=\"og:site_name\" content=\"Trebide\" \/>\n<meta property=\"article:modified_time\" content=\"2025-01-30T11:11:10+00:00\" \/>\n<meta name=\"twitter:card\" content=\"summary_large_image\" \/>\n<meta name=\"twitter:label1\" content=\"Tiempo de lectura\" \/>\n\t<meta name=\"twitter:data1\" content=\"3 minutos\" \/>\n<script type=\"application\/ld+json\" class=\"yoast-schema-graph\">{\"@context\":\"https:\\\/\\\/schema.org\",\"@graph\":[{\"@type\":\"WebPage\",\"@id\":\"https:\\\/\\\/www.trebide.com\\\/es\\\/avail\\\/\",\"url\":\"https:\\\/\\\/www.trebide.com\\\/es\\\/avail\\\/\",\"name\":\"AVAIL | Trebide\",\"isPartOf\":{\"@id\":\"https:\\\/\\\/www.trebide.com\\\/es\\\/#website\"},\"datePublished\":\"2025-01-30T11:08:13+00:00\",\"dateModified\":\"2025-01-30T11:11:10+00:00\",\"breadcrumb\":{\"@id\":\"https:\\\/\\\/www.trebide.com\\\/es\\\/avail\\\/#breadcrumb\"},\"inLanguage\":\"es\",\"potentialAction\":[{\"@type\":\"ReadAction\",\"target\":[\"https:\\\/\\\/www.trebide.com\\\/es\\\/avail\\\/\"]}]},{\"@type\":\"BreadcrumbList\",\"@id\":\"https:\\\/\\\/www.trebide.com\\\/es\\\/avail\\\/#breadcrumb\",\"itemListElement\":[{\"@type\":\"ListItem\",\"position\":1,\"name\":\"Portada\",\"item\":\"https:\\\/\\\/www.trebide.com\\\/es\\\/\"},{\"@type\":\"ListItem\",\"position\":2,\"name\":\"AVAIL\"}]},{\"@type\":\"WebSite\",\"@id\":\"https:\\\/\\\/www.trebide.com\\\/es\\\/#website\",\"url\":\"https:\\\/\\\/www.trebide.com\\\/es\\\/\",\"name\":\"Trebide\",\"description\":\"Design &amp; Manufacturing Ideas\",\"potentialAction\":[{\"@type\":\"SearchAction\",\"target\":{\"@type\":\"EntryPoint\",\"urlTemplate\":\"https:\\\/\\\/www.trebide.com\\\/es\\\/?s={search_term_string}\"},\"query-input\":{\"@type\":\"PropertyValueSpecification\",\"valueRequired\":true,\"valueName\":\"search_term_string\"}}],\"inLanguage\":\"es\"}]}<\/script>\n<!-- \/ Yoast SEO plugin. -->","yoast_head_json":{"title":"AVAIL | Trebide","robots":{"index":"index","follow":"follow","max-snippet":"max-snippet:-1","max-image-preview":"max-image-preview:large","max-video-preview":"max-video-preview:-1"},"canonical":"https:\/\/www.trebide.com\/es\/avail\/","og_locale":"es_ES","og_type":"article","og_title":"AVAIL | Trebide","og_description":"[vc_row dfd_row_responsive_enable=\u00bbdfd-row-responsive-enable\u00bb responsive_styles=\u00bbpadding_left_tablet:10|padding_right_tablet:10|padding_left_mobile:10|padding_right_mobile:10&#8243;][vc_column][vc_column_text css=\u00bb\u00bb]El proyecto se enmarca en el PROGRAMA HAZITEK y se desarrolla durante los a\u00f1os 2021 \u2013 2023.[\/vc_column_text][vc_column_text css=\u00bb\u00bb el_class=\u00bblistados\u00bb]Hoy en d\u00eda las tecnolog\u00edas de virtualizaci\u00f3n, investigadas y","og_url":"https:\/\/www.trebide.com\/es\/avail\/","og_site_name":"Trebide","article_modified_time":"2025-01-30T11:11:10+00:00","twitter_card":"summary_large_image","twitter_misc":{"Tiempo de lectura":"3 minutos"},"schema":{"@context":"https:\/\/schema.org","@graph":[{"@type":"WebPage","@id":"https:\/\/www.trebide.com\/es\/avail\/","url":"https:\/\/www.trebide.com\/es\/avail\/","name":"AVAIL | Trebide","isPartOf":{"@id":"https:\/\/www.trebide.com\/es\/#website"},"datePublished":"2025-01-30T11:08:13+00:00","dateModified":"2025-01-30T11:11:10+00:00","breadcrumb":{"@id":"https:\/\/www.trebide.com\/es\/avail\/#breadcrumb"},"inLanguage":"es","potentialAction":[{"@type":"ReadAction","target":["https:\/\/www.trebide.com\/es\/avail\/"]}]},{"@type":"BreadcrumbList","@id":"https:\/\/www.trebide.com\/es\/avail\/#breadcrumb","itemListElement":[{"@type":"ListItem","position":1,"name":"Portada","item":"https:\/\/www.trebide.com\/es\/"},{"@type":"ListItem","position":2,"name":"AVAIL"}]},{"@type":"WebSite","@id":"https:\/\/www.trebide.com\/es\/#website","url":"https:\/\/www.trebide.com\/es\/","name":"Trebide","description":"Design &amp; Manufacturing Ideas","potentialAction":[{"@type":"SearchAction","target":{"@type":"EntryPoint","urlTemplate":"https:\/\/www.trebide.com\/es\/?s={search_term_string}"},"query-input":{"@type":"PropertyValueSpecification","valueRequired":true,"valueName":"search_term_string"}}],"inLanguage":"es"}]}},"_links":{"self":[{"href":"https:\/\/www.trebide.com\/es\/wp-json\/wp\/v2\/pages\/12530","targetHints":{"allow":["GET"]}}],"collection":[{"href":"https:\/\/www.trebide.com\/es\/wp-json\/wp\/v2\/pages"}],"about":[{"href":"https:\/\/www.trebide.com\/es\/wp-json\/wp\/v2\/types\/page"}],"author":[{"embeddable":true,"href":"https:\/\/www.trebide.com\/es\/wp-json\/wp\/v2\/users\/1"}],"replies":[{"embeddable":true,"href":"https:\/\/www.trebide.com\/es\/wp-json\/wp\/v2\/comments?post=12530"}],"version-history":[{"count":4,"href":"https:\/\/www.trebide.com\/es\/wp-json\/wp\/v2\/pages\/12530\/revisions"}],"predecessor-version":[{"id":12534,"href":"https:\/\/www.trebide.com\/es\/wp-json\/wp\/v2\/pages\/12530\/revisions\/12534"}],"wp:attachment":[{"href":"https:\/\/www.trebide.com\/es\/wp-json\/wp\/v2\/media?parent=12530"}],"curies":[{"name":"wp","href":"https:\/\/api.w.org\/{rel}","templated":true}]}}