{"id":12526,"date":"2025-01-30T12:04:30","date_gmt":"2025-01-30T11:04:30","guid":{"rendered":"https:\/\/www.trebide.com\/?page_id=12526"},"modified":"2025-01-30T12:07:04","modified_gmt":"2025-01-30T11:07:04","slug":"most","status":"publish","type":"page","link":"https:\/\/www.trebide.com\/es\/most\/","title":{"rendered":"MOST"},"content":{"rendered":"<div class=\"wpb-content-wrapper\"><p>[vc_row dfd_row_responsive_enable=\u00bbdfd-row-responsive-enable\u00bb responsive_styles=\u00bbpadding_left_tablet:10|padding_right_tablet:10|padding_left_mobile:10|padding_right_mobile:10&#8243;][vc_column]<div class=\"dfd-heading-shortcode\"><div class=\"dfd-heading-module-wrap  text-left style_01 dfd-heading-6a046502e506d dfd-disable-resposive-headings\" id=\"dfd-heading-6a046502e506d\" ><div class=\"inline-block\"><div class=\"dfd-heading-module\"><h2 class=\"widget-title dfd-title \" style=\"font-size: 33px; line-height: 36px; \"><strong>M<\/strong>ulti-access edge computing (MEC) para la distribuci<strong>\u00d3<\/strong>n <strong>S<\/strong>\u00edncrona de da<strong>T<\/strong>os cr\u00edticos (ZL-2021\/00748).<\/h2><\/div><\/div><\/div><script type=\"text\/javascript\">\r\n\t\t\t\t\t\t\t\t\t(function($) {\r\n\t\t\t\t\t\t\t\t\t\t$(\"head\").append(\"<style>.dfd-heading-6a046502e506d .dfd-heading-module .widget-title {margin-bottom:20px;}.dfd-heading-6a046502e506d.dfd-heading-module-wrap .dfd-heading-module .dfd-heading-delimiter {margin-top:10px;margin-bottom:10px;}<\/style>\");\r\n\t\t\t\t\t\t\t\t\t})(jQuery);\r\n\t\t\t\t\t\t\t\t<\/script><\/div>[vc_column_text css=\u00bb\u00bb]El proyecto se enmarca en el PROGRAMA HAZITEK y se desarrolla durante los a\u00f1os 2021 \u2013 2023.[\/vc_column_text]<div class=\"dfd-spacer-module\"  data-units=\"px\" data-wide_resolution=\"1280\" data-wide_size=\"30\" data-normal_resolution=\"1024\" data-normal_size=\"30\" data-tablet_resolution=\"800\" data-tablet_size=\"30\" data-mobile_resolution=\"480\" data-mobile_size=\"30\" style=\"height: 30px;\"><\/div>[vc_column_text css=\u00bb\u00bb el_class=\u00bblistados\u00bb]El futuro de los sistemas de Industria 4.0 y fabricaci\u00f3n avanzada prev\u00e9 el dise\u00f1o y operaci\u00f3n de unos procesos productivos hiperconectados. Dotados de conjuntos de sensores, actuadores, objetos inteligentes, comunicaciones de datos e interfaces de control que permitan recopilar, rastrear y procesar informaci\u00f3n a trav\u00e9s de infraestructuras en f\u00e1bricas.[\/vc_column_text]<div class=\"dfd-spacer-module\"  data-units=\"px\" data-wide_resolution=\"1280\" data-wide_size=\"30\" data-normal_resolution=\"1024\" data-normal_size=\"30\" data-tablet_resolution=\"800\" data-tablet_size=\"30\" data-mobile_resolution=\"480\" data-mobile_size=\"30\" style=\"height: 30px;\"><\/div>[vc_column_text css=\u00bb\u00bb el_class=\u00bblistados\u00bb]El Internet de las Cosas o IoT es la llave para la pr\u00f3xima revoluci\u00f3n digital industrial. Con todos los elementos productivos conectados, el an\u00e1lisis inteligente en tiempo real y la evoluci\u00f3n de los procesos productivos en entornos inteligentes se est\u00e1 consolidando y guiando hacia la innovaci\u00f3n y enormes oportunidades econ\u00f3micas.[\/vc_column_text]<div class=\"dfd-spacer-module\"  data-units=\"px\" data-wide_resolution=\"1280\" data-wide_size=\"30\" data-normal_resolution=\"1024\" data-normal_size=\"30\" data-tablet_resolution=\"800\" data-tablet_size=\"30\" data-mobile_resolution=\"480\" data-mobile_size=\"30\" style=\"height: 30px;\"><\/div>[vc_column_text css=\u00bb\u00bb el_class=\u00bblistados\u00bb]MOST se centrar\u00e1 en la combinaci\u00f3n de tecnolog\u00edas de comunicaciones de datos IIoT y el despliegue vers\u00e1til de soluciones MEC las cuales mejorar\u00e1n la eficiencia de la arquitectura, adem\u00e1s de soluciones inteligentes de Edge Caching (Smart caching) para mejorar significativamente la latencia.[\/vc_column_text]<div class=\"dfd-spacer-module\"  data-units=\"px\" data-wide_resolution=\"1280\" data-wide_size=\"30\" data-normal_resolution=\"1024\" data-normal_size=\"30\" data-tablet_resolution=\"800\" data-tablet_size=\"30\" data-mobile_resolution=\"480\" data-mobile_size=\"30\" style=\"height: 30px;\"><\/div>[vc_column_text css=\u00bb\u00bb el_class=\u00bblistados\u00bb]El objetivo principal del proyecto MOST es la generaci\u00f3n de conocimiento mediante la investigaci\u00f3n en novedosas tecnolog\u00edas en el Edge, para la mejora sustancial de la eficiencia en la transmisi\u00f3n de datos de visualizaci\u00f3n de se\u00f1ales monitorizadas en procesos industriales, entre otros. El foco se sit\u00faa en la optimizaci\u00f3n eficiente de Smart Caching en el despliegue de una infraestructura, minimizando as\u00ed, el volumen de datos transmitidos, el tiempo y la energ\u00eda consumida para procesos recurrentes, la latencia en el Edge, y, por \u00faltimo, la sincron\u00eda en la distribuci\u00f3n y acceso a los datos con igualdad de resoluci\u00f3n en entornos multiusuario.[\/vc_column_text]<div class=\"dfd-spacer-module\"  data-units=\"px\" data-wide_resolution=\"1280\" data-wide_size=\"30\" data-normal_resolution=\"1024\" data-normal_size=\"30\" data-tablet_resolution=\"800\" data-tablet_size=\"30\" data-mobile_resolution=\"480\" data-mobile_size=\"30\" style=\"height: 30px;\"><\/div>[vc_row_inner dfd_row_responsive_enable=\u00bbdfd-row-responsive-enable\u00bb css=\u00bb.vc_custom_1738226139634{padding-top: 50px !important;padding-right: 50px !important;padding-bottom: 50px !important;padding-left: 50px !important;background-color: #00614f !important;}\u00bb responsive_styles=\u00bbpadding_top_desktop:50|padding_bottom_desktop:50|padding_left_desktop:50|padding_right_desktop:50|padding_top_tablet:30|padding_bottom_tablet:30|padding_left_tablet:30|padding_right_tablet:30|padding_top_mobile:20|padding_bottom_mobile:20|padding_left_mobile:20|padding_right_mobile:20&#8243; el_class=\u00bbbloqueFinanciacion\u00bb][vc_column_inner width=\u00bb3\/4&#8243; col_inner_shadow=\u00bbbox_shadow_enable:disable|shadow_horizontal:0|shadow_vertical:15|shadow_blur:50|shadow_spread:0|box_shadow_color:rgba(0%2C0%2C0%2C.35)\u00bb col_inner_shadow_hover=\u00bbbox_shadow_enable:disable|shadow_horizontal:0|shadow_vertical:15|shadow_blur:50|shadow_spread:0|box_shadow_color:rgba(0%2C0%2C0%2C.35)\u00bb]<div class=\"dfd-heading-shortcode\"><div class=\"dfd-heading-module-wrap  text-left style_01 dfd-heading-6a046502e5254 dfd-disable-resposive-headings\" id=\"dfd-heading-6a046502e5254\" ><div class=\"inline-block\"><div class=\"dfd-heading-module\"><h3 class=\"widget-title dfd-title \" style=\"font-size: 23px; color: #ffffff !important; line-height: 26px; \">ACTUACI\u00d3N COFINANCIADA POR EL GOBIERNO VASCO Y LA UNION EUROPEA A TRAV\u00c9S DEL FONDO EUROPEO DE DESARROLLO REGIONAL 2014-2020 (FEDER).<\/h3><\/div><\/div><\/div><script type=\"text\/javascript\">\r\n\t\t\t\t\t\t\t\t\t(function($) {\r\n\t\t\t\t\t\t\t\t\t\t$(\"head\").append(\"<style>.dfd-heading-6a046502e5254 .dfd-heading-module .widget-title {margin-bottom:20px;}.dfd-heading-6a046502e5254.dfd-heading-module-wrap .dfd-heading-module .dfd-heading-delimiter {margin-top:10px;margin-bottom:10px;}<\/style>\");\r\n\t\t\t\t\t\t\t\t\t})(jQuery);\r\n\t\t\t\t\t\t\t\t<\/script><\/div><div class=\"dfd-spacer-module\"  data-units=\"px\" data-wide_resolution=\"1280\" data-wide_size=\"30\" data-normal_resolution=\"1024\" data-normal_size=\"30\" data-tablet_resolution=\"800\" data-tablet_size=\"0\" data-mobile_resolution=\"480\" data-mobile_size=\"0\" style=\"height: 30px;\"><\/div><div class=\"dfd-heading-shortcode\"><div class=\"dfd-heading-module-wrap  text-left style_01 dfd-heading-6a046502e52ef dfd-disable-resposive-headings\" id=\"dfd-heading-6a046502e52ef\" ><div class=\"inline-block\"><div class=\"dfd-heading-module\"><h3 class=\"widget-title dfd-title \" style=\"font-size: 23px; color: #ffffff !important; line-height: 26px; \">EUSKO JAURLARITZAK ETA EUROPAR BATASUNAK 2014-2020 ESKUALDE GARAPENERAKO EUROPAR FUNTSAREN (EGEF) BITARTEZ KOFINANTZATUTAKO ERAGIKETA.<\/h3><\/div><\/div><\/div><script type=\"text\/javascript\">\r\n\t\t\t\t\t\t\t\t\t(function($) {\r\n\t\t\t\t\t\t\t\t\t\t$(\"head\").append(\"<style>.dfd-heading-6a046502e52ef.dfd-heading-module-wrap .dfd-heading-module .dfd-heading-delimiter {margin-top:10px;margin-bottom:10px;}<\/style>\");\r\n\t\t\t\t\t\t\t\t\t})(jQuery);\r\n\t\t\t\t\t\t\t\t<\/script><\/div>[\/vc_column_inner][vc_column_inner width=\u00bb1\/4&#8243; col_inner_shadow=\u00bbbox_shadow_enable:disable|shadow_horizontal:0|shadow_vertical:15|shadow_blur:50|shadow_spread:0|box_shadow_color:rgba(0%2C0%2C0%2C.35)\u00bb col_inner_shadow_hover=\u00bbbox_shadow_enable:disable|shadow_horizontal:0|shadow_vertical:15|shadow_blur:50|shadow_spread:0|box_shadow_color:rgba(0%2C0%2C0%2C.35)\u00bb]<div class=\"dfd-spacer-module\"  data-units=\"px\" data-wide_resolution=\"1280\" data-wide_size=\"0\" data-normal_resolution=\"1024\" data-normal_size=\"0\" data-tablet_resolution=\"800\" data-tablet_size=\"15\" data-mobile_resolution=\"480\" data-mobile_size=\"15\" style=\"height: 0px;\"><\/div>[vc_single_image image=\u00bb12390&#8243; img_size=\u00bbfull\u00bb alignment=\u00bbcenter\u00bb css=\u00bb\u00bb][\/vc_column_inner][\/vc_row_inner][\/vc_column][\/vc_row]<\/p>\n<\/div>","protected":false},"excerpt":{"rendered":"<p>[vc_row dfd_row_responsive_enable=\u00bbdfd-row-responsive-enable\u00bb responsive_styles=\u00bbpadding_left_tablet:10|padding_right_tablet:10|padding_left_mobile:10|padding_right_mobile:10&#8243;][vc_column][vc_column_text css=\u00bb\u00bb]El proyecto se enmarca en el PROGRAMA HAZITEK y se desarrolla durante los a\u00f1os 2021 \u2013 2023.[\/vc_column_text][vc_column_text css=\u00bb\u00bb el_class=\u00bblistados\u00bb]El futuro de los sistemas de Industria 4.0 y<\/p>\n","protected":false},"author":1,"featured_media":0,"parent":0,"menu_order":0,"comment_status":"closed","ping_status":"closed","template":"page-custom-with-header-trebide.php","meta":{"inline_featured_image":false,"footnotes":""},"class_list":["post-12526","page","type-page","status-publish","hentry"],"yoast_head":"<!-- This site is optimized with the Yoast SEO plugin v27.5 - https:\/\/yoast.com\/product\/yoast-seo-wordpress\/ -->\n<title>MOST | Trebide<\/title>\n<meta name=\"robots\" content=\"index, follow, max-snippet:-1, max-image-preview:large, max-video-preview:-1\" \/>\n<link rel=\"canonical\" href=\"https:\/\/www.trebide.com\/es\/most\/\" \/>\n<meta property=\"og:locale\" content=\"es_ES\" \/>\n<meta property=\"og:type\" content=\"article\" \/>\n<meta property=\"og:title\" content=\"MOST | Trebide\" \/>\n<meta property=\"og:description\" content=\"[vc_row dfd_row_responsive_enable=\u00bbdfd-row-responsive-enable\u00bb responsive_styles=\u00bbpadding_left_tablet:10|padding_right_tablet:10|padding_left_mobile:10|padding_right_mobile:10&#8243;][vc_column][vc_column_text css=\u00bb\u00bb]El proyecto se enmarca en el PROGRAMA HAZITEK y se desarrolla durante los a\u00f1os 2021 \u2013 2023.[\/vc_column_text][vc_column_text css=\u00bb\u00bb el_class=\u00bblistados\u00bb]El futuro de los sistemas de Industria 4.0 y\" \/>\n<meta property=\"og:url\" content=\"https:\/\/www.trebide.com\/es\/most\/\" \/>\n<meta property=\"og:site_name\" content=\"Trebide\" \/>\n<meta property=\"article:modified_time\" content=\"2025-01-30T11:07:04+00:00\" \/>\n<meta name=\"twitter:card\" content=\"summary_large_image\" \/>\n<meta name=\"twitter:label1\" content=\"Tiempo de lectura\" \/>\n\t<meta name=\"twitter:data1\" content=\"3 minutos\" \/>\n<script type=\"application\/ld+json\" class=\"yoast-schema-graph\">{\"@context\":\"https:\\\/\\\/schema.org\",\"@graph\":[{\"@type\":\"WebPage\",\"@id\":\"https:\\\/\\\/www.trebide.com\\\/es\\\/most\\\/\",\"url\":\"https:\\\/\\\/www.trebide.com\\\/es\\\/most\\\/\",\"name\":\"MOST | Trebide\",\"isPartOf\":{\"@id\":\"https:\\\/\\\/www.trebide.com\\\/es\\\/#website\"},\"datePublished\":\"2025-01-30T11:04:30+00:00\",\"dateModified\":\"2025-01-30T11:07:04+00:00\",\"breadcrumb\":{\"@id\":\"https:\\\/\\\/www.trebide.com\\\/es\\\/most\\\/#breadcrumb\"},\"inLanguage\":\"es\",\"potentialAction\":[{\"@type\":\"ReadAction\",\"target\":[\"https:\\\/\\\/www.trebide.com\\\/es\\\/most\\\/\"]}]},{\"@type\":\"BreadcrumbList\",\"@id\":\"https:\\\/\\\/www.trebide.com\\\/es\\\/most\\\/#breadcrumb\",\"itemListElement\":[{\"@type\":\"ListItem\",\"position\":1,\"name\":\"Portada\",\"item\":\"https:\\\/\\\/www.trebide.com\\\/es\\\/\"},{\"@type\":\"ListItem\",\"position\":2,\"name\":\"MOST\"}]},{\"@type\":\"WebSite\",\"@id\":\"https:\\\/\\\/www.trebide.com\\\/es\\\/#website\",\"url\":\"https:\\\/\\\/www.trebide.com\\\/es\\\/\",\"name\":\"Trebide\",\"description\":\"Design &amp; Manufacturing Ideas\",\"potentialAction\":[{\"@type\":\"SearchAction\",\"target\":{\"@type\":\"EntryPoint\",\"urlTemplate\":\"https:\\\/\\\/www.trebide.com\\\/es\\\/?s={search_term_string}\"},\"query-input\":{\"@type\":\"PropertyValueSpecification\",\"valueRequired\":true,\"valueName\":\"search_term_string\"}}],\"inLanguage\":\"es\"}]}<\/script>\n<!-- \/ Yoast SEO plugin. -->","yoast_head_json":{"title":"MOST | Trebide","robots":{"index":"index","follow":"follow","max-snippet":"max-snippet:-1","max-image-preview":"max-image-preview:large","max-video-preview":"max-video-preview:-1"},"canonical":"https:\/\/www.trebide.com\/es\/most\/","og_locale":"es_ES","og_type":"article","og_title":"MOST | Trebide","og_description":"[vc_row dfd_row_responsive_enable=\u00bbdfd-row-responsive-enable\u00bb responsive_styles=\u00bbpadding_left_tablet:10|padding_right_tablet:10|padding_left_mobile:10|padding_right_mobile:10&#8243;][vc_column][vc_column_text css=\u00bb\u00bb]El proyecto se enmarca en el PROGRAMA HAZITEK y se desarrolla durante los a\u00f1os 2021 \u2013 2023.[\/vc_column_text][vc_column_text css=\u00bb\u00bb el_class=\u00bblistados\u00bb]El futuro de los sistemas de Industria 4.0 y","og_url":"https:\/\/www.trebide.com\/es\/most\/","og_site_name":"Trebide","article_modified_time":"2025-01-30T11:07:04+00:00","twitter_card":"summary_large_image","twitter_misc":{"Tiempo de lectura":"3 minutos"},"schema":{"@context":"https:\/\/schema.org","@graph":[{"@type":"WebPage","@id":"https:\/\/www.trebide.com\/es\/most\/","url":"https:\/\/www.trebide.com\/es\/most\/","name":"MOST | Trebide","isPartOf":{"@id":"https:\/\/www.trebide.com\/es\/#website"},"datePublished":"2025-01-30T11:04:30+00:00","dateModified":"2025-01-30T11:07:04+00:00","breadcrumb":{"@id":"https:\/\/www.trebide.com\/es\/most\/#breadcrumb"},"inLanguage":"es","potentialAction":[{"@type":"ReadAction","target":["https:\/\/www.trebide.com\/es\/most\/"]}]},{"@type":"BreadcrumbList","@id":"https:\/\/www.trebide.com\/es\/most\/#breadcrumb","itemListElement":[{"@type":"ListItem","position":1,"name":"Portada","item":"https:\/\/www.trebide.com\/es\/"},{"@type":"ListItem","position":2,"name":"MOST"}]},{"@type":"WebSite","@id":"https:\/\/www.trebide.com\/es\/#website","url":"https:\/\/www.trebide.com\/es\/","name":"Trebide","description":"Design &amp; Manufacturing Ideas","potentialAction":[{"@type":"SearchAction","target":{"@type":"EntryPoint","urlTemplate":"https:\/\/www.trebide.com\/es\/?s={search_term_string}"},"query-input":{"@type":"PropertyValueSpecification","valueRequired":true,"valueName":"search_term_string"}}],"inLanguage":"es"}]}},"_links":{"self":[{"href":"https:\/\/www.trebide.com\/es\/wp-json\/wp\/v2\/pages\/12526","targetHints":{"allow":["GET"]}}],"collection":[{"href":"https:\/\/www.trebide.com\/es\/wp-json\/wp\/v2\/pages"}],"about":[{"href":"https:\/\/www.trebide.com\/es\/wp-json\/wp\/v2\/types\/page"}],"author":[{"embeddable":true,"href":"https:\/\/www.trebide.com\/es\/wp-json\/wp\/v2\/users\/1"}],"replies":[{"embeddable":true,"href":"https:\/\/www.trebide.com\/es\/wp-json\/wp\/v2\/comments?post=12526"}],"version-history":[{"count":3,"href":"https:\/\/www.trebide.com\/es\/wp-json\/wp\/v2\/pages\/12526\/revisions"}],"predecessor-version":[{"id":12529,"href":"https:\/\/www.trebide.com\/es\/wp-json\/wp\/v2\/pages\/12526\/revisions\/12529"}],"wp:attachment":[{"href":"https:\/\/www.trebide.com\/es\/wp-json\/wp\/v2\/media?parent=12526"}],"curies":[{"name":"wp","href":"https:\/\/api.w.org\/{rel}","templated":true}]}}