{"id":12457,"date":"2025-01-30T10:22:41","date_gmt":"2025-01-30T09:22:41","guid":{"rendered":"https:\/\/www.trebide.com\/?page_id=12457"},"modified":"2025-01-30T10:24:57","modified_gmt":"2025-01-30T09:24:57","slug":"eskala-4-0","status":"publish","type":"page","link":"https:\/\/www.trebide.com\/es\/eskala-4-0\/","title":{"rendered":"ESKALA 4.0"},"content":{"rendered":"<div class=\"wpb-content-wrapper\"><p>[vc_row dfd_row_responsive_enable=\u00bbdfd-row-responsive-enable\u00bb responsive_styles=\u00bbpadding_left_tablet:10|padding_right_tablet:10|padding_left_mobile:10|padding_right_mobile:10&#8243;][vc_column]<div class=\"dfd-heading-shortcode\"><div class=\"dfd-heading-module-wrap  text-left style_01 dfd-heading-69f4dbbe6a1e0 dfd-disable-resposive-headings\" id=\"dfd-heading-69f4dbbe6a1e0\" ><div class=\"inline-block\"><div class=\"dfd-heading-module\"><h2 class=\"widget-title dfd-title \" style=\"font-size: 33px; line-height: 36px; \">Optimizaci\u00f3n del tiempo de escala en el entorno aeroportuario en base al paradigma Industry 4.0 (ZE-2017\/00042)<\/h2><\/div><\/div><\/div><script type=\"text\/javascript\">\r\n\t\t\t\t\t\t\t\t\t(function($) {\r\n\t\t\t\t\t\t\t\t\t\t$(\"head\").append(\"<style>.dfd-heading-69f4dbbe6a1e0 .dfd-heading-module .widget-title {margin-bottom:20px;}.dfd-heading-69f4dbbe6a1e0.dfd-heading-module-wrap .dfd-heading-module .dfd-heading-delimiter {margin-top:10px;margin-bottom:10px;}<\/style>\");\r\n\t\t\t\t\t\t\t\t\t})(jQuery);\r\n\t\t\t\t\t\t\t\t<\/script><\/div>[vc_column_text css=\u00bb\u00bb]El objetivo general del proyecto ESKALA 4.0 es avanzar en la provisi\u00f3n de tecnolog\u00edas estrat\u00e9gicas que nos acerquen al aeropuerto del futuro comenzando por la optimizaci\u00f3n de los tiempos de escala, aunque extensibles a otros entornos, como la \u00fanica manera de satisfacer las crecientes demandas de eficiencia, econom\u00eda, seguridad y compatibilidad ambiental seg\u00fan el concepto \u201cIndustria 4.0\u201d y con las m\u00e1s altas cotas de automatizaci\u00f3n, como son las requeridas en los escenarios que integren diferentes veh\u00edculos automatizados de transporte terrestre (GVs) en operaciones aeroportuarias.[\/vc_column_text]<div class=\"dfd-spacer-module\"  data-units=\"px\" data-wide_resolution=\"1280\" data-wide_size=\"30\" data-normal_resolution=\"1024\" data-normal_size=\"30\" data-tablet_resolution=\"800\" data-tablet_size=\"30\" data-mobile_resolution=\"480\" data-mobile_size=\"30\" style=\"height: 30px;\"><\/div>[vc_column_text css=\u00bb\u00bb el_class=\u00bblistados\u00bb]<\/p>\n<ul>\n<li>Aplicar el concepto Industry 4.0 al \u201cTURN AROUND\u201d del aeropuerto para aportarle inteligencia y minimizar las ineficiencias operacionales y la falta de coordinaci\u00f3n entre los actores implicados.<\/li>\n<li>CONCEPTO AEROPUERTO 4.0.<\/li>\n<\/ul>\n<p>[\/vc_column_text]<div class=\"dfd-spacer-module\"  data-units=\"px\" data-wide_resolution=\"1280\" data-wide_size=\"30\" data-normal_resolution=\"1024\" data-normal_size=\"30\" data-tablet_resolution=\"800\" data-tablet_size=\"30\" data-mobile_resolution=\"480\" data-mobile_size=\"30\" style=\"height: 30px;\"><\/div>[vc_row_inner dfd_row_responsive_enable=\u00bbdfd-row-responsive-enable\u00bb css=\u00bb.vc_custom_1738226265868{padding-top: 50px !important;padding-right: 50px !important;padding-bottom: 50px !important;padding-left: 50px !important;background-color: #00614f !important;}\u00bb responsive_styles=\u00bbpadding_top_desktop:50|padding_bottom_desktop:50|padding_left_desktop:50|padding_right_desktop:50|padding_top_tablet:30|padding_bottom_tablet:30|padding_left_tablet:30|padding_right_tablet:30|padding_top_mobile:20|padding_bottom_mobile:20|padding_left_mobile:20|padding_right_mobile:20&#8243; el_class=\u00bbbloqueFinanciacion\u00bb][vc_column_inner width=\u00bb3\/4&#8243; col_inner_shadow=\u00bbbox_shadow_enable:disable|shadow_horizontal:0|shadow_vertical:15|shadow_blur:50|shadow_spread:0|box_shadow_color:rgba(0%2C0%2C0%2C.35)\u00bb col_inner_shadow_hover=\u00bbbox_shadow_enable:disable|shadow_horizontal:0|shadow_vertical:15|shadow_blur:50|shadow_spread:0|box_shadow_color:rgba(0%2C0%2C0%2C.35)\u00bb]<div class=\"dfd-heading-shortcode\"><div class=\"dfd-heading-module-wrap  text-left style_01 dfd-heading-69f4dbbe6a317 dfd-disable-resposive-headings\" id=\"dfd-heading-69f4dbbe6a317\" ><div class=\"inline-block\"><div class=\"dfd-heading-module\"><h3 class=\"widget-title dfd-title \" style=\"font-size: 23px; color: #ffffff !important; line-height: 26px; \">ACTUACI\u00d3N COFINANCIADA POR EL GOBIERNO VASCO Y LA UNION EUROPEA A TRAV\u00c9S DEL FONDO EUROPEO DE DESARROLLO REGIONAL 2014-2020 (FEDER).<\/h3><\/div><\/div><\/div><script type=\"text\/javascript\">\r\n\t\t\t\t\t\t\t\t\t(function($) {\r\n\t\t\t\t\t\t\t\t\t\t$(\"head\").append(\"<style>.dfd-heading-69f4dbbe6a317 .dfd-heading-module .widget-title {margin-bottom:20px;}.dfd-heading-69f4dbbe6a317.dfd-heading-module-wrap .dfd-heading-module .dfd-heading-delimiter {margin-top:10px;margin-bottom:10px;}<\/style>\");\r\n\t\t\t\t\t\t\t\t\t})(jQuery);\r\n\t\t\t\t\t\t\t\t<\/script><\/div><div class=\"dfd-spacer-module\"  data-units=\"px\" data-wide_resolution=\"1280\" data-wide_size=\"30\" data-normal_resolution=\"1024\" data-normal_size=\"30\" data-tablet_resolution=\"800\" data-tablet_size=\"0\" data-mobile_resolution=\"480\" data-mobile_size=\"0\" style=\"height: 30px;\"><\/div><div class=\"dfd-heading-shortcode\"><div class=\"dfd-heading-module-wrap  text-left style_01 dfd-heading-69f4dbbe6a3b2 dfd-disable-resposive-headings\" id=\"dfd-heading-69f4dbbe6a3b2\" ><div class=\"inline-block\"><div class=\"dfd-heading-module\"><h3 class=\"widget-title dfd-title \" style=\"font-size: 23px; color: #ffffff !important; line-height: 26px; \">EUSKO JAURLARITZAK ETA EUROPAR BATASUNAK 2014-2020 ESKUALDE GARAPENERAKO EUROPAR FUNTSAREN (EGEF) BITARTEZ KOFINANTZATUTAKO ERAGIKETA.<\/h3><\/div><\/div><\/div><script type=\"text\/javascript\">\r\n\t\t\t\t\t\t\t\t\t(function($) {\r\n\t\t\t\t\t\t\t\t\t\t$(\"head\").append(\"<style>.dfd-heading-69f4dbbe6a3b2.dfd-heading-module-wrap .dfd-heading-module .dfd-heading-delimiter {margin-top:10px;margin-bottom:10px;}<\/style>\");\r\n\t\t\t\t\t\t\t\t\t})(jQuery);\r\n\t\t\t\t\t\t\t\t<\/script><\/div>[\/vc_column_inner][vc_column_inner width=\u00bb1\/4&#8243; col_inner_shadow=\u00bbbox_shadow_enable:disable|shadow_horizontal:0|shadow_vertical:15|shadow_blur:50|shadow_spread:0|box_shadow_color:rgba(0%2C0%2C0%2C.35)\u00bb col_inner_shadow_hover=\u00bbbox_shadow_enable:disable|shadow_horizontal:0|shadow_vertical:15|shadow_blur:50|shadow_spread:0|box_shadow_color:rgba(0%2C0%2C0%2C.35)\u00bb]<div class=\"dfd-spacer-module\"  data-units=\"px\" data-wide_resolution=\"1280\" data-wide_size=\"0\" data-normal_resolution=\"1024\" data-normal_size=\"0\" data-tablet_resolution=\"800\" data-tablet_size=\"15\" data-mobile_resolution=\"480\" data-mobile_size=\"15\" style=\"height: 0px;\"><\/div>[vc_single_image image=\u00bb12390&#8243; img_size=\u00bbfull\u00bb alignment=\u00bbcenter\u00bb css=\u00bb\u00bb][\/vc_column_inner][\/vc_row_inner][\/vc_column][\/vc_row]<\/p>\n<\/div>","protected":false},"excerpt":{"rendered":"<p>[vc_row dfd_row_responsive_enable=\u00bbdfd-row-responsive-enable\u00bb responsive_styles=\u00bbpadding_left_tablet:10|padding_right_tablet:10|padding_left_mobile:10|padding_right_mobile:10&#8243;][vc_column][vc_column_text css=\u00bb\u00bb]El objetivo general del proyecto ESKALA 4.0 es avanzar en la provisi\u00f3n de tecnolog\u00edas estrat\u00e9gicas que nos acerquen al aeropuerto del futuro comenzando por la optimizaci\u00f3n de<\/p>\n","protected":false},"author":1,"featured_media":0,"parent":0,"menu_order":0,"comment_status":"closed","ping_status":"closed","template":"page-custom-with-header-trebide.php","meta":{"inline_featured_image":false,"footnotes":""},"class_list":["post-12457","page","type-page","status-publish","hentry"],"yoast_head":"<!-- This site is optimized with the Yoast SEO plugin v27.5 - https:\/\/yoast.com\/product\/yoast-seo-wordpress\/ -->\n<title>ESKALA 4.0 | Trebide<\/title>\n<meta name=\"robots\" content=\"index, follow, max-snippet:-1, max-image-preview:large, max-video-preview:-1\" \/>\n<link rel=\"canonical\" href=\"https:\/\/www.trebide.com\/es\/eskala-4-0\/\" \/>\n<meta property=\"og:locale\" content=\"es_ES\" \/>\n<meta property=\"og:type\" content=\"article\" \/>\n<meta property=\"og:title\" content=\"ESKALA 4.0 | Trebide\" \/>\n<meta property=\"og:description\" content=\"[vc_row dfd_row_responsive_enable=\u00bbdfd-row-responsive-enable\u00bb responsive_styles=\u00bbpadding_left_tablet:10|padding_right_tablet:10|padding_left_mobile:10|padding_right_mobile:10&#8243;][vc_column][vc_column_text css=\u00bb\u00bb]El objetivo general del proyecto ESKALA 4.0 es avanzar en la provisi\u00f3n de tecnolog\u00edas estrat\u00e9gicas que nos acerquen al aeropuerto del futuro comenzando por la optimizaci\u00f3n de\" \/>\n<meta property=\"og:url\" content=\"https:\/\/www.trebide.com\/es\/eskala-4-0\/\" \/>\n<meta property=\"og:site_name\" content=\"Trebide\" \/>\n<meta property=\"article:modified_time\" content=\"2025-01-30T09:24:57+00:00\" \/>\n<meta name=\"twitter:card\" content=\"summary_large_image\" \/>\n<meta name=\"twitter:label1\" content=\"Tiempo de lectura\" \/>\n\t<meta name=\"twitter:data1\" content=\"2 minutos\" \/>\n<script type=\"application\/ld+json\" class=\"yoast-schema-graph\">{\"@context\":\"https:\\\/\\\/schema.org\",\"@graph\":[{\"@type\":\"WebPage\",\"@id\":\"https:\\\/\\\/www.trebide.com\\\/es\\\/eskala-4-0\\\/\",\"url\":\"https:\\\/\\\/www.trebide.com\\\/es\\\/eskala-4-0\\\/\",\"name\":\"ESKALA 4.0 | Trebide\",\"isPartOf\":{\"@id\":\"https:\\\/\\\/www.trebide.com\\\/es\\\/#website\"},\"datePublished\":\"2025-01-30T09:22:41+00:00\",\"dateModified\":\"2025-01-30T09:24:57+00:00\",\"breadcrumb\":{\"@id\":\"https:\\\/\\\/www.trebide.com\\\/es\\\/eskala-4-0\\\/#breadcrumb\"},\"inLanguage\":\"es\",\"potentialAction\":[{\"@type\":\"ReadAction\",\"target\":[\"https:\\\/\\\/www.trebide.com\\\/es\\\/eskala-4-0\\\/\"]}]},{\"@type\":\"BreadcrumbList\",\"@id\":\"https:\\\/\\\/www.trebide.com\\\/es\\\/eskala-4-0\\\/#breadcrumb\",\"itemListElement\":[{\"@type\":\"ListItem\",\"position\":1,\"name\":\"Portada\",\"item\":\"https:\\\/\\\/www.trebide.com\\\/es\\\/\"},{\"@type\":\"ListItem\",\"position\":2,\"name\":\"ESKALA 4.0\"}]},{\"@type\":\"WebSite\",\"@id\":\"https:\\\/\\\/www.trebide.com\\\/es\\\/#website\",\"url\":\"https:\\\/\\\/www.trebide.com\\\/es\\\/\",\"name\":\"Trebide\",\"description\":\"Design &amp; Manufacturing Ideas\",\"potentialAction\":[{\"@type\":\"SearchAction\",\"target\":{\"@type\":\"EntryPoint\",\"urlTemplate\":\"https:\\\/\\\/www.trebide.com\\\/es\\\/?s={search_term_string}\"},\"query-input\":{\"@type\":\"PropertyValueSpecification\",\"valueRequired\":true,\"valueName\":\"search_term_string\"}}],\"inLanguage\":\"es\"}]}<\/script>\n<!-- \/ Yoast SEO plugin. -->","yoast_head_json":{"title":"ESKALA 4.0 | Trebide","robots":{"index":"index","follow":"follow","max-snippet":"max-snippet:-1","max-image-preview":"max-image-preview:large","max-video-preview":"max-video-preview:-1"},"canonical":"https:\/\/www.trebide.com\/es\/eskala-4-0\/","og_locale":"es_ES","og_type":"article","og_title":"ESKALA 4.0 | Trebide","og_description":"[vc_row dfd_row_responsive_enable=\u00bbdfd-row-responsive-enable\u00bb responsive_styles=\u00bbpadding_left_tablet:10|padding_right_tablet:10|padding_left_mobile:10|padding_right_mobile:10&#8243;][vc_column][vc_column_text css=\u00bb\u00bb]El objetivo general del proyecto ESKALA 4.0 es avanzar en la provisi\u00f3n de tecnolog\u00edas estrat\u00e9gicas que nos acerquen al aeropuerto del futuro comenzando por la optimizaci\u00f3n de","og_url":"https:\/\/www.trebide.com\/es\/eskala-4-0\/","og_site_name":"Trebide","article_modified_time":"2025-01-30T09:24:57+00:00","twitter_card":"summary_large_image","twitter_misc":{"Tiempo de lectura":"2 minutos"},"schema":{"@context":"https:\/\/schema.org","@graph":[{"@type":"WebPage","@id":"https:\/\/www.trebide.com\/es\/eskala-4-0\/","url":"https:\/\/www.trebide.com\/es\/eskala-4-0\/","name":"ESKALA 4.0 | Trebide","isPartOf":{"@id":"https:\/\/www.trebide.com\/es\/#website"},"datePublished":"2025-01-30T09:22:41+00:00","dateModified":"2025-01-30T09:24:57+00:00","breadcrumb":{"@id":"https:\/\/www.trebide.com\/es\/eskala-4-0\/#breadcrumb"},"inLanguage":"es","potentialAction":[{"@type":"ReadAction","target":["https:\/\/www.trebide.com\/es\/eskala-4-0\/"]}]},{"@type":"BreadcrumbList","@id":"https:\/\/www.trebide.com\/es\/eskala-4-0\/#breadcrumb","itemListElement":[{"@type":"ListItem","position":1,"name":"Portada","item":"https:\/\/www.trebide.com\/es\/"},{"@type":"ListItem","position":2,"name":"ESKALA 4.0"}]},{"@type":"WebSite","@id":"https:\/\/www.trebide.com\/es\/#website","url":"https:\/\/www.trebide.com\/es\/","name":"Trebide","description":"Design &amp; Manufacturing Ideas","potentialAction":[{"@type":"SearchAction","target":{"@type":"EntryPoint","urlTemplate":"https:\/\/www.trebide.com\/es\/?s={search_term_string}"},"query-input":{"@type":"PropertyValueSpecification","valueRequired":true,"valueName":"search_term_string"}}],"inLanguage":"es"}]}},"_links":{"self":[{"href":"https:\/\/www.trebide.com\/es\/wp-json\/wp\/v2\/pages\/12457","targetHints":{"allow":["GET"]}}],"collection":[{"href":"https:\/\/www.trebide.com\/es\/wp-json\/wp\/v2\/pages"}],"about":[{"href":"https:\/\/www.trebide.com\/es\/wp-json\/wp\/v2\/types\/page"}],"author":[{"embeddable":true,"href":"https:\/\/www.trebide.com\/es\/wp-json\/wp\/v2\/users\/1"}],"replies":[{"embeddable":true,"href":"https:\/\/www.trebide.com\/es\/wp-json\/wp\/v2\/comments?post=12457"}],"version-history":[{"count":3,"href":"https:\/\/www.trebide.com\/es\/wp-json\/wp\/v2\/pages\/12457\/revisions"}],"predecessor-version":[{"id":12460,"href":"https:\/\/www.trebide.com\/es\/wp-json\/wp\/v2\/pages\/12457\/revisions\/12460"}],"wp:attachment":[{"href":"https:\/\/www.trebide.com\/es\/wp-json\/wp\/v2\/media?parent=12457"}],"curies":[{"name":"wp","href":"https:\/\/api.w.org\/{rel}","templated":true}]}}