{"id":12408,"date":"2025-01-29T13:21:49","date_gmt":"2025-01-29T12:21:49","guid":{"rendered":"https:\/\/www.trebide.com\/?page_id=12408"},"modified":"2025-02-07T13:07:36","modified_gmt":"2025-02-07T12:07:36","slug":"fedgware","status":"publish","type":"page","link":"https:\/\/www.trebide.com\/es\/fedgware\/","title":{"rendered":"FEDGWARE"},"content":{"rendered":"<div class=\"wpb-content-wrapper\"><p>[vc_row dfd_row_responsive_enable=\u00bbdfd-row-responsive-enable\u00bb responsive_styles=\u00bbpadding_left_tablet:10|padding_right_tablet:10|padding_left_mobile:10|padding_right_mobile:10&#8243;][vc_column]<div class=\"dfd-heading-shortcode\"><div class=\"dfd-heading-module-wrap  text-left style_01 dfd-heading-69dedb08417b3 dfd-disable-resposive-headings\" id=\"dfd-heading-69dedb08417b3\" ><div class=\"inline-block\"><div class=\"dfd-heading-module\"><h2 class=\"widget-title dfd-title \" style=\"font-size: 33px; line-height: 36px; \">Full Adapptive service middleware for edge federation (n\u00ba ZL-2023\/00763, ZL-2024\/00660)<\/h2><\/div><\/div><\/div><script type=\"text\/javascript\">\r\n\t\t\t\t\t\t\t\t\t(function($) {\r\n\t\t\t\t\t\t\t\t\t\t$(\"head\").append(\"<style>.dfd-heading-69dedb08417b3 .dfd-heading-module .widget-title {margin-bottom:20px;}.dfd-heading-69dedb08417b3.dfd-heading-module-wrap .dfd-heading-module .dfd-heading-delimiter {margin-top:10px;margin-bottom:10px;}<\/style>\");\r\n\t\t\t\t\t\t\t\t\t})(jQuery);\r\n\t\t\t\t\t\t\t\t<\/script><\/div>[vc_column_text css=\u00bb\u00bb]El proyecto <strong>FEDGWARE<\/strong> es un proyecto liderado por IKUSI, participando en \u00e9l junto a ORMAZABAL. El proyecto se enmarca en el PROGRAMA HAZITEK y se desarrolla durante los a\u00f1os 2023 \u2013 2024.[\/vc_column_text]<div class=\"dfd-spacer-module\"  data-units=\"px\" data-wide_resolution=\"1280\" data-wide_size=\"30\" data-normal_resolution=\"1024\" data-normal_size=\"30\" data-tablet_resolution=\"800\" data-tablet_size=\"30\" data-mobile_resolution=\"480\" data-mobile_size=\"30\" style=\"height: 30px;\"><\/div>[vc_column_text css=\u00bb\u00bb]El objetivo principal de FEDGWARE es generar un nuevo modelo para la coordinaci\u00f3n y tratamiento de datos industriales en el edge, aportando autonom\u00eda e inteligencia a los dispositivos encargados de recopilar los datos. Para ello, aborda el desarrollo de un middleware encargado de posibilitar la federaci\u00f3n entre distintos nodos Edge con capacidad de agregaci\u00f3n y c\u00e1lculo, aportando una capacidad de procesado del dato a todo el conjunto de forma que la toma de decisiones pueda realizarse de forma eficaz y en tiempo real all\u00ed d\u00f3nde es necesario. La validaci\u00f3n de esta nueva soluci\u00f3n se realizar\u00e1 a trav\u00e9s de un caso de uso en el sector energ\u00e9tico que se enfrentan a entornos heterog\u00e9neos, una naturaleza distribuida y necesidades de computaci\u00f3n en tiempo casi real. El proyecto FEDGWARE tiene como principal objetivo el dise\u00f1o y desarrollo de un middleware federado y descentralizado que permitir\u00e1 aplicar anal\u00edtica e inteligencia en los nodos edge que coordine.[\/vc_column_text]<div class=\"dfd-spacer-module\"  data-units=\"px\" data-wide_resolution=\"1280\" data-wide_size=\"30\" data-normal_resolution=\"1024\" data-normal_size=\"30\" data-tablet_resolution=\"800\" data-tablet_size=\"30\" data-mobile_resolution=\"480\" data-mobile_size=\"30\" style=\"height: 30px;\"><\/div>[vc_column_text css=\u00bb\u00bb]Con ello, cada uno de los nodos que forman parte de la federaci\u00f3n podr\u00e1n comunicarse entre ellos y compartir datos y recursos de computaci\u00f3n que no est\u00e9n empleando en ese momento, de forma segura y eficiente. Para ello ser\u00e1 necesario generar Know How as\u00ed como nuevos desarrollos en relaci\u00f3n a las tecnolog\u00edas que intervienen en cada una de las distintas fases de proyecto.[\/vc_column_text]<div class=\"dfd-spacer-module\"  data-units=\"px\" data-wide_resolution=\"1280\" data-wide_size=\"30\" data-normal_resolution=\"1024\" data-normal_size=\"30\" data-tablet_resolution=\"800\" data-tablet_size=\"30\" data-mobile_resolution=\"480\" data-mobile_size=\"30\" style=\"height: 30px;\"><\/div>[vc_row_inner dfd_row_responsive_enable=\u00bbdfd-row-responsive-enable\u00bb css=\u00bb.vc_custom_1738226139634{padding-top: 50px !important;padding-right: 50px !important;padding-bottom: 50px !important;padding-left: 50px !important;background-color: #00614f !important;}\u00bb responsive_styles=\u00bbpadding_top_desktop:50|padding_bottom_desktop:50|padding_left_desktop:50|padding_right_desktop:50|padding_top_tablet:30|padding_bottom_tablet:30|padding_left_tablet:30|padding_right_tablet:30|padding_top_mobile:20|padding_bottom_mobile:20|padding_left_mobile:20|padding_right_mobile:20&#8243; el_class=\u00bbbloqueFinanciacion\u00bb][vc_column_inner width=\u00bb3\/4&#8243; col_inner_shadow=\u00bbbox_shadow_enable:disable|shadow_horizontal:0|shadow_vertical:15|shadow_blur:50|shadow_spread:0|box_shadow_color:rgba(0%2C0%2C0%2C.35)\u00bb col_inner_shadow_hover=\u00bbbox_shadow_enable:disable|shadow_horizontal:0|shadow_vertical:15|shadow_blur:50|shadow_spread:0|box_shadow_color:rgba(0%2C0%2C0%2C.35)\u00bb]<div class=\"dfd-heading-shortcode\"><div class=\"dfd-heading-module-wrap  text-left style_01 dfd-heading-69dedb0841921 dfd-disable-resposive-headings\" id=\"dfd-heading-69dedb0841921\" ><div class=\"inline-block\"><div class=\"dfd-heading-module\"><h3 class=\"widget-title dfd-title \" style=\"font-size: 23px; color: #ffffff !important; line-height: 26px; \">ACTUACI\u00d3N COFINANCIADA POR EL GOBIERNO VASCO Y LA UNION EUROPEA A TRAV\u00c9S DEL FONDO EUROPEO DE DESARROLLO REGIONAL 2021-2027 (FEDER)<\/h3><\/div><\/div><\/div><script type=\"text\/javascript\">\r\n\t\t\t\t\t\t\t\t\t(function($) {\r\n\t\t\t\t\t\t\t\t\t\t$(\"head\").append(\"<style>.dfd-heading-69dedb0841921 .dfd-heading-module .widget-title {margin-bottom:20px;}.dfd-heading-69dedb0841921.dfd-heading-module-wrap .dfd-heading-module .dfd-heading-delimiter {margin-top:10px;margin-bottom:10px;}<\/style>\");\r\n\t\t\t\t\t\t\t\t\t})(jQuery);\r\n\t\t\t\t\t\t\t\t<\/script><\/div><div class=\"dfd-spacer-module\"  data-units=\"px\" data-wide_resolution=\"1280\" data-wide_size=\"30\" data-normal_resolution=\"1024\" data-normal_size=\"30\" data-tablet_resolution=\"800\" data-tablet_size=\"0\" data-mobile_resolution=\"480\" data-mobile_size=\"0\" style=\"height: 30px;\"><\/div><div class=\"dfd-heading-shortcode\"><div class=\"dfd-heading-module-wrap  text-left style_01 dfd-heading-69dedb08419b6 dfd-disable-resposive-headings\" id=\"dfd-heading-69dedb08419b6\" ><div class=\"inline-block\"><div class=\"dfd-heading-module\"><h3 class=\"widget-title dfd-title \" style=\"font-size: 23px; color: #ffffff !important; line-height: 26px; \">EUSKO JAURLARITZAK ETA EUROPAR BATASUNAK 2021-2027 ESKUALDE GARAPENERAKO EUROPAR FUNTSAREN (EGEF) BITARTEZ KOFINANTZATUTAKO ERAGIKETA<\/h3><\/div><\/div><\/div><script type=\"text\/javascript\">\r\n\t\t\t\t\t\t\t\t\t(function($) {\r\n\t\t\t\t\t\t\t\t\t\t$(\"head\").append(\"<style>.dfd-heading-69dedb08419b6.dfd-heading-module-wrap .dfd-heading-module .dfd-heading-delimiter {margin-top:10px;margin-bottom:10px;}<\/style>\");\r\n\t\t\t\t\t\t\t\t\t})(jQuery);\r\n\t\t\t\t\t\t\t\t<\/script><\/div>[\/vc_column_inner][vc_column_inner width=\u00bb1\/4&#8243; col_inner_shadow=\u00bbbox_shadow_enable:disable|shadow_horizontal:0|shadow_vertical:15|shadow_blur:50|shadow_spread:0|box_shadow_color:rgba(0%2C0%2C0%2C.35)\u00bb col_inner_shadow_hover=\u00bbbox_shadow_enable:disable|shadow_horizontal:0|shadow_vertical:15|shadow_blur:50|shadow_spread:0|box_shadow_color:rgba(0%2C0%2C0%2C.35)\u00bb]<div class=\"dfd-spacer-module\"  data-units=\"px\" data-wide_resolution=\"1280\" data-wide_size=\"0\" data-normal_resolution=\"1024\" data-normal_size=\"0\" data-tablet_resolution=\"800\" data-tablet_size=\"15\" data-mobile_resolution=\"480\" data-mobile_size=\"15\" style=\"height: 0px;\"><\/div>[vc_single_image image=\u00bb12390&#8243; img_size=\u00bbfull\u00bb alignment=\u00bbcenter\u00bb css=\u00bb\u00bb][\/vc_column_inner][\/vc_row_inner][\/vc_column][\/vc_row]<\/p>\n<\/div>","protected":false},"excerpt":{"rendered":"<p>[vc_row dfd_row_responsive_enable=\u00bbdfd-row-responsive-enable\u00bb responsive_styles=\u00bbpadding_left_tablet:10|padding_right_tablet:10|padding_left_mobile:10|padding_right_mobile:10&#8243;][vc_column][vc_column_text css=\u00bb\u00bb]El proyecto FEDGWARE es un proyecto liderado por IKUSI, participando en \u00e9l junto a ORMAZABAL. El proyecto se enmarca en el PROGRAMA HAZITEK y se desarrolla durante<\/p>\n","protected":false},"author":1,"featured_media":0,"parent":0,"menu_order":0,"comment_status":"closed","ping_status":"closed","template":"page-custom-with-header-trebide.php","meta":{"inline_featured_image":false,"footnotes":""},"class_list":["post-12408","page","type-page","status-publish","hentry"],"yoast_head":"<!-- This site is optimized with the Yoast SEO plugin v27.2 - https:\/\/yoast.com\/product\/yoast-seo-wordpress\/ -->\n<title>FEDGWARE | Trebide<\/title>\n<meta name=\"robots\" content=\"index, follow, max-snippet:-1, max-image-preview:large, max-video-preview:-1\" \/>\n<link rel=\"canonical\" href=\"https:\/\/www.trebide.com\/es\/fedgware\/\" \/>\n<meta property=\"og:locale\" content=\"es_ES\" \/>\n<meta property=\"og:type\" content=\"article\" \/>\n<meta property=\"og:title\" content=\"FEDGWARE | Trebide\" \/>\n<meta property=\"og:description\" content=\"[vc_row dfd_row_responsive_enable=\u00bbdfd-row-responsive-enable\u00bb responsive_styles=\u00bbpadding_left_tablet:10|padding_right_tablet:10|padding_left_mobile:10|padding_right_mobile:10&#8243;][vc_column][vc_column_text css=\u00bb\u00bb]El proyecto FEDGWARE es un proyecto liderado por IKUSI, participando en \u00e9l junto a ORMAZABAL. El proyecto se enmarca en el PROGRAMA HAZITEK y se desarrolla durante\" \/>\n<meta property=\"og:url\" content=\"https:\/\/www.trebide.com\/es\/fedgware\/\" \/>\n<meta property=\"og:site_name\" content=\"Trebide\" \/>\n<meta property=\"article:modified_time\" content=\"2025-02-07T12:07:36+00:00\" \/>\n<meta name=\"twitter:card\" content=\"summary_large_image\" \/>\n<meta name=\"twitter:label1\" content=\"Tiempo de lectura\" \/>\n\t<meta name=\"twitter:data1\" content=\"2 minutos\" \/>\n<script type=\"application\/ld+json\" class=\"yoast-schema-graph\">{\"@context\":\"https:\/\/schema.org\",\"@graph\":[{\"@type\":\"WebPage\",\"@id\":\"https:\/\/www.trebide.com\/es\/fedgware\/\",\"url\":\"https:\/\/www.trebide.com\/es\/fedgware\/\",\"name\":\"FEDGWARE | Trebide\",\"isPartOf\":{\"@id\":\"https:\/\/www.trebide.com\/es\/#website\"},\"datePublished\":\"2025-01-29T12:21:49+00:00\",\"dateModified\":\"2025-02-07T12:07:36+00:00\",\"breadcrumb\":{\"@id\":\"https:\/\/www.trebide.com\/es\/fedgware\/#breadcrumb\"},\"inLanguage\":\"es\",\"potentialAction\":[{\"@type\":\"ReadAction\",\"target\":[\"https:\/\/www.trebide.com\/es\/fedgware\/\"]}]},{\"@type\":\"BreadcrumbList\",\"@id\":\"https:\/\/www.trebide.com\/es\/fedgware\/#breadcrumb\",\"itemListElement\":[{\"@type\":\"ListItem\",\"position\":1,\"name\":\"Portada\",\"item\":\"https:\/\/www.trebide.com\/es\/\"},{\"@type\":\"ListItem\",\"position\":2,\"name\":\"FEDGWARE\"}]},{\"@type\":\"WebSite\",\"@id\":\"https:\/\/www.trebide.com\/es\/#website\",\"url\":\"https:\/\/www.trebide.com\/es\/\",\"name\":\"Trebide\",\"description\":\"Design &amp; Manufacturing Ideas\",\"potentialAction\":[{\"@type\":\"SearchAction\",\"target\":{\"@type\":\"EntryPoint\",\"urlTemplate\":\"https:\/\/www.trebide.com\/es\/?s={search_term_string}\"},\"query-input\":{\"@type\":\"PropertyValueSpecification\",\"valueRequired\":true,\"valueName\":\"search_term_string\"}}],\"inLanguage\":\"es\"}]}<\/script>\n<!-- \/ Yoast SEO plugin. -->","yoast_head_json":{"title":"FEDGWARE | Trebide","robots":{"index":"index","follow":"follow","max-snippet":"max-snippet:-1","max-image-preview":"max-image-preview:large","max-video-preview":"max-video-preview:-1"},"canonical":"https:\/\/www.trebide.com\/es\/fedgware\/","og_locale":"es_ES","og_type":"article","og_title":"FEDGWARE | Trebide","og_description":"[vc_row dfd_row_responsive_enable=\u00bbdfd-row-responsive-enable\u00bb responsive_styles=\u00bbpadding_left_tablet:10|padding_right_tablet:10|padding_left_mobile:10|padding_right_mobile:10&#8243;][vc_column][vc_column_text css=\u00bb\u00bb]El proyecto FEDGWARE es un proyecto liderado por IKUSI, participando en \u00e9l junto a ORMAZABAL. El proyecto se enmarca en el PROGRAMA HAZITEK y se desarrolla durante","og_url":"https:\/\/www.trebide.com\/es\/fedgware\/","og_site_name":"Trebide","article_modified_time":"2025-02-07T12:07:36+00:00","twitter_card":"summary_large_image","twitter_misc":{"Tiempo de lectura":"2 minutos"},"schema":{"@context":"https:\/\/schema.org","@graph":[{"@type":"WebPage","@id":"https:\/\/www.trebide.com\/es\/fedgware\/","url":"https:\/\/www.trebide.com\/es\/fedgware\/","name":"FEDGWARE | Trebide","isPartOf":{"@id":"https:\/\/www.trebide.com\/es\/#website"},"datePublished":"2025-01-29T12:21:49+00:00","dateModified":"2025-02-07T12:07:36+00:00","breadcrumb":{"@id":"https:\/\/www.trebide.com\/es\/fedgware\/#breadcrumb"},"inLanguage":"es","potentialAction":[{"@type":"ReadAction","target":["https:\/\/www.trebide.com\/es\/fedgware\/"]}]},{"@type":"BreadcrumbList","@id":"https:\/\/www.trebide.com\/es\/fedgware\/#breadcrumb","itemListElement":[{"@type":"ListItem","position":1,"name":"Portada","item":"https:\/\/www.trebide.com\/es\/"},{"@type":"ListItem","position":2,"name":"FEDGWARE"}]},{"@type":"WebSite","@id":"https:\/\/www.trebide.com\/es\/#website","url":"https:\/\/www.trebide.com\/es\/","name":"Trebide","description":"Design &amp; Manufacturing Ideas","potentialAction":[{"@type":"SearchAction","target":{"@type":"EntryPoint","urlTemplate":"https:\/\/www.trebide.com\/es\/?s={search_term_string}"},"query-input":{"@type":"PropertyValueSpecification","valueRequired":true,"valueName":"search_term_string"}}],"inLanguage":"es"}]}},"_links":{"self":[{"href":"https:\/\/www.trebide.com\/es\/wp-json\/wp\/v2\/pages\/12408","targetHints":{"allow":["GET"]}}],"collection":[{"href":"https:\/\/www.trebide.com\/es\/wp-json\/wp\/v2\/pages"}],"about":[{"href":"https:\/\/www.trebide.com\/es\/wp-json\/wp\/v2\/types\/page"}],"author":[{"embeddable":true,"href":"https:\/\/www.trebide.com\/es\/wp-json\/wp\/v2\/users\/1"}],"replies":[{"embeddable":true,"href":"https:\/\/www.trebide.com\/es\/wp-json\/wp\/v2\/comments?post=12408"}],"version-history":[{"count":9,"href":"https:\/\/www.trebide.com\/es\/wp-json\/wp\/v2\/pages\/12408\/revisions"}],"predecessor-version":[{"id":12563,"href":"https:\/\/www.trebide.com\/es\/wp-json\/wp\/v2\/pages\/12408\/revisions\/12563"}],"wp:attachment":[{"href":"https:\/\/www.trebide.com\/es\/wp-json\/wp\/v2\/media?parent=12408"}],"curies":[{"name":"wp","href":"https:\/\/api.w.org\/{rel}","templated":true}]}}